{"id":762,"date":"2025-04-17T13:29:22","date_gmt":"2025-04-17T11:29:22","guid":{"rendered":"https:\/\/oudebrandtoren.nl\/waldterrasse\/"},"modified":"2026-01-27T11:00:32","modified_gmt":"2026-01-27T10:00:32","slug":"waldterrasse","status":"publish","type":"page","link":"https:\/\/oudebrandtoren.nl\/de\/waldterrasse\/","title":{"rendered":"Waldterrasse"},"content":{"rendered":"[vc_row type=&#8220;full_width_content&#8220; full_screen_row_position=&#8220;middle&#8220; column_margin=&#8220;default&#8220; equal_height=&#8220;yes&#8220; content_placement=&#8220;middle&#8220; column_direction=&#8220;default&#8220; column_direction_tablet=&#8220;default&#8220; column_direction_phone=&#8220;default&#8220; scene_position=&#8220;center&#8220; top_padding=&#8220;250&#8243; bottom_padding=&#8220;50&#8243; left_padding_desktop=&#8220;10%&#8220; constrain_group_2=&#8220;yes&#8220; right_padding_desktop=&#8220;10%&#8220; top_padding_tablet=&#8220;200&#8243; bottom_padding_tablet=&#8220;33&#8243; top_padding_phone=&#8220;125&#8243; bottom_padding_phone=&#8220;25&#8243; text_color=&#8220;dark&#8220; text_align=&#8220;left&#8220; row_border_radius=&#8220;none&#8220; row_border_radius_applies=&#8220;bg&#8220; row_position_desktop=&#8220;default&#8220; row_position_tablet=&#8220;inherit&#8220; row_position_phone=&#8220;inherit&#8220; overflow=&#8220;visible&#8220; overlay_strength=&#8220;0.3&#8243; gradient_direction=&#8220;left_to_right&#8220; shape_divider_position=&#8220;bottom&#8220; bg_image_animation=&#8220;none&#8220; gradient_type=&#8220;default&#8220; shape_type=&#8220;&#8220;][vc_column column_padding=&#8220;no-extra-padding&#8220; column_padding_tablet=&#8220;inherit&#8220; column_padding_phone=&#8220;inherit&#8220; column_padding_position=&#8220;all&#8220; flex_gap_desktop=&#8220;10px&#8220; column_element_direction_desktop=&#8220;default&#8220; column_element_spacing=&#8220;default&#8220; desktop_text_alignment=&#8220;default&#8220; tablet_text_alignment=&#8220;default&#8220; phone_text_alignment=&#8220;default&#8220; background_color_opacity=&#8220;1&#8243; background_hover_color_opacity=&#8220;1&#8243; column_backdrop_filter=&#8220;none&#8220; column_shadow=&#8220;none&#8220; column_border_radius=&#8220;none&#8220; column_link_target=&#8220;_self&#8220; column_position=&#8220;default&#8220; gradient_direction=&#8220;left_to_right&#8220; overlay_strength=&#8220;0.3&#8243; width=&#8220;1\/2&#8243; tablet_width_inherit=&#8220;default&#8220; animation_type=&#8220;default&#8220; bg_image_animation=&#8220;none&#8220; border_type=&#8220;simple&#8220; column_border_width=&#8220;none&#8220; column_border_style=&#8220;solid&#8220;][image_with_animation image_url=&#8220;753&#8243; image_size=&#8220;full&#8220; max_width=&#8220;100%&#8220; max_width_mobile=&#8220;default&#8220; animation_type=&#8220;entrance&#8220; animation=&#8220;None&#8220; animation_movement_type=&#8220;transform_y&#8220; hover_animation=&#8220;none&#8220; alignment=&#8220;&#8220; border_radius=&#8220;none&#8220; box_shadow=&#8220;none&#8220; image_loading=&#8220;default&#8220; mask_enable=&#8220;true&#8220; mask_shape=&#8220;custom&#8220; mask_custom_image=&#8220;133&#8243; mask_size=&#8220;contain&#8220;][divider line_type=&#8220;No Line&#8220; custom_height=&#8220;0&#8243; custom_height_tablet=&#8220;20&#8243; custom_height_phone=&#8220;40&#8243;][\/vc_column][vc_column column_padding=&#8220;padding-5-percent&#8220; column_padding_tablet=&#8220;inherit&#8220; column_padding_phone=&#8220;inherit&#8220; column_padding_position=&#8220;left-right&#8220; column_element_direction_desktop=&#8220;default&#8220; column_element_spacing=&#8220;default&#8220; desktop_text_alignment=&#8220;default&#8220; tablet_text_alignment=&#8220;default&#8220; phone_text_alignment=&#8220;default&#8220; background_color_opacity=&#8220;1&#8243; background_hover_color_opacity=&#8220;1&#8243; column_backdrop_filter=&#8220;none&#8220; column_shadow=&#8220;none&#8220; column_border_radius=&#8220;none&#8220; column_link_target=&#8220;_self&#8220; column_position=&#8220;default&#8220; gradient_direction=&#8220;left_to_right&#8220; overlay_strength=&#8220;0.3&#8243; width=&#8220;1\/2&#8243; tablet_width_inherit=&#8220;default&#8220; animation_type=&#8220;default&#8220; bg_image_animation=&#8220;none&#8220; border_type=&#8220;simple&#8220; column_border_width=&#8220;none&#8220; column_border_style=&#8220;solid&#8220; column_padding_type=&#8220;default&#8220; content_layout=&#8220;default&#8220; gradient_type=&#8220;default&#8220;][vc_column_text css=&#8220;&#8220; text_direction=&#8220;default&#8220;]\n<h1>Waldterrasse<\/h1>\n<p class=\"p1\">An der Vorderseite der Oude Brandtoren befindet sich unsere gro\u00dfz\u00fcgige Waldterrasse mit nicht weniger als 250 Sitzpl\u00e4tzen, verteilt auf bequeme St\u00fchle und gem\u00fctliche Picknickb\u00e4nke. Ein wunderbarer Ort zum Verweilen, mitten im Gr\u00fcnen. <\/p>\n<p class=\"p1\">Bei trockenem Wetter sind Sie hier von fr\u00fch morgens bis sp\u00e4t abends willkommen. Ob auf einen Kaffee, ein ausgedehntes Mittagessen, einen Aperitif oder ein Abendessen: Auf der Waldterrasse genie\u00dfen Sie Sonne, Ruhe und Weite, mit dem Wald als Kulisse. <\/p>\n<p class=\"p1\">Nehmen Sie Platz, entspannen Sie sich und lassen Sie sich von unserer bourgundischen Speisekarte verw\u00f6hnen, w\u00e4hrend das Leben um Sie herum ruhig weiterzieht. Ein idealer Ort zum Durchatmen \u2014 allein, zu zweit oder mit einer gr\u00f6\u00dferen Gesellschaft. <\/p>\n[\/vc_column_text][\/vc_column][\/vc_row][vc_row type=&#8220;full_width_content&#8220; full_screen_row_position=&#8220;middle&#8220; column_margin=&#8220;50px&#8220; column_direction=&#8220;default&#8220; column_direction_tablet=&#8220;default&#8220; column_direction_phone=&#8220;default&#8220; scene_position=&#8220;center&#8220; left_padding_desktop=&#8220;5%&#8220; constrain_group_2=&#8220;yes&#8220; right_padding_desktop=&#8220;5%&#8220; text_color=&#8220;dark&#8220; text_align=&#8220;left&#8220; row_border_radius=&#8220;none&#8220; row_border_radius_applies=&#8220;bg&#8220; row_position_desktop=&#8220;default&#8220; row_position_tablet=&#8220;inherit&#8220; row_position_phone=&#8220;inherit&#8220; overflow=&#8220;visible&#8220; overlay_strength=&#8220;0.3&#8243; gradient_direction=&#8220;left_to_right&#8220; shape_divider_position=&#8220;bottom&#8220; bg_image_animation=&#8220;none&#8220; gradient_type=&#8220;default&#8220; shape_type=&#8220;&#8220;][vc_column column_padding=&#8220;no-extra-padding&#8220; column_padding_tablet=&#8220;inherit&#8220; column_padding_phone=&#8220;inherit&#8220; column_padding_position=&#8220;all&#8220; flex_gap_desktop=&#8220;10px&#8220; column_element_direction_desktop=&#8220;default&#8220; column_element_spacing=&#8220;default&#8220; desktop_text_alignment=&#8220;default&#8220; tablet_text_alignment=&#8220;default&#8220; phone_text_alignment=&#8220;default&#8220; background_color_opacity=&#8220;1&#8243; background_hover_color_opacity=&#8220;1&#8243; column_backdrop_filter=&#8220;none&#8220; column_shadow=&#8220;none&#8220; column_border_radius=&#8220;none&#8220; column_link_target=&#8220;_self&#8220; column_position=&#8220;default&#8220; gradient_direction=&#8220;left_to_right&#8220; overlay_strength=&#8220;0.3&#8243; width=&#8220;1\/4&#8243; tablet_width_inherit=&#8220;default&#8220; animation_type=&#8220;default&#8220; bg_image_animation=&#8220;none&#8220; border_type=&#8220;simple&#8220; column_border_width=&#8220;none&#8220; column_border_style=&#8220;solid&#8220;][image_with_animation image_url=&#8220;968&#8243; image_size=&#8220;full&#8220; max_width=&#8220;100%&#8220; max_width_mobile=&#8220;default&#8220; animation_type=&#8220;entrance&#8220; animation=&#8220;None&#8220; animation_movement_type=&#8220;transform_y&#8220; hover_animation=&#8220;none&#8220; alignment=&#8220;&#8220; border_radius=&#8220;none&#8220; box_shadow=&#8220;none&#8220; image_loading=&#8220;default&#8220; mask_enable=&#8220;true&#8220; mask_shape=&#8220;circle-rect&#8220; mask_size=&#8220;contain&#8220;][\/vc_column][vc_column column_padding=&#8220;no-extra-padding&#8220; column_padding_tablet=&#8220;inherit&#8220; column_padding_phone=&#8220;inherit&#8220; column_padding_position=&#8220;all&#8220; flex_gap_desktop=&#8220;10px&#8220; column_element_direction_desktop=&#8220;default&#8220; column_element_spacing=&#8220;default&#8220; desktop_text_alignment=&#8220;default&#8220; tablet_text_alignment=&#8220;default&#8220; phone_text_alignment=&#8220;default&#8220; background_color_opacity=&#8220;1&#8243; background_hover_color_opacity=&#8220;1&#8243; column_backdrop_filter=&#8220;none&#8220; column_shadow=&#8220;none&#8220; column_border_radius=&#8220;none&#8220; column_link_target=&#8220;_self&#8220; column_position=&#8220;default&#8220; gradient_direction=&#8220;left_to_right&#8220; overlay_strength=&#8220;0.3&#8243; width=&#8220;1\/4&#8243; tablet_width_inherit=&#8220;default&#8220; animation_type=&#8220;default&#8220; bg_image_animation=&#8220;none&#8220; border_type=&#8220;simple&#8220; column_border_width=&#8220;none&#8220; column_border_style=&#8220;solid&#8220;][image_with_animation image_url=&#8220;971&#8243; image_size=&#8220;full&#8220; max_width=&#8220;100%&#8220; max_width_mobile=&#8220;default&#8220; animation_type=&#8220;entrance&#8220; animation=&#8220;None&#8220; animation_movement_type=&#8220;transform_y&#8220; hover_animation=&#8220;none&#8220; alignment=&#8220;&#8220; border_radius=&#8220;none&#8220; box_shadow=&#8220;none&#8220; image_loading=&#8220;default&#8220; mask_enable=&#8220;true&#8220; mask_shape=&#8220;circle-rect&#8220; mask_size=&#8220;contain&#8220;][\/vc_column][vc_column column_padding=&#8220;no-extra-padding&#8220; column_padding_tablet=&#8220;inherit&#8220; column_padding_phone=&#8220;inherit&#8220; column_padding_position=&#8220;all&#8220; flex_gap_desktop=&#8220;10px&#8220; column_element_direction_desktop=&#8220;default&#8220; column_element_spacing=&#8220;default&#8220; desktop_text_alignment=&#8220;default&#8220; tablet_text_alignment=&#8220;default&#8220; phone_text_alignment=&#8220;default&#8220; background_color_opacity=&#8220;1&#8243; background_hover_color_opacity=&#8220;1&#8243; column_backdrop_filter=&#8220;none&#8220; column_shadow=&#8220;none&#8220; column_border_radius=&#8220;none&#8220; column_link_target=&#8220;_self&#8220; column_position=&#8220;default&#8220; gradient_direction=&#8220;left_to_right&#8220; overlay_strength=&#8220;0.3&#8243; width=&#8220;1\/4&#8243; tablet_width_inherit=&#8220;default&#8220; animation_type=&#8220;default&#8220; bg_image_animation=&#8220;none&#8220; border_type=&#8220;simple&#8220; column_border_width=&#8220;none&#8220; column_border_style=&#8220;solid&#8220;][image_with_animation image_url=&#8220;1027&#8243; image_size=&#8220;full&#8220; max_width=&#8220;100%&#8220; max_width_mobile=&#8220;default&#8220; animation_type=&#8220;entrance&#8220; animation=&#8220;None&#8220; animation_movement_type=&#8220;transform_y&#8220; hover_animation=&#8220;none&#8220; alignment=&#8220;&#8220; border_radius=&#8220;none&#8220; box_shadow=&#8220;none&#8220; image_loading=&#8220;default&#8220; mask_enable=&#8220;true&#8220; mask_shape=&#8220;circle-rect&#8220; mask_size=&#8220;contain&#8220;][\/vc_column][vc_column column_padding=&#8220;no-extra-padding&#8220; column_padding_tablet=&#8220;inherit&#8220; column_padding_phone=&#8220;inherit&#8220; column_padding_position=&#8220;all&#8220; flex_gap_desktop=&#8220;10px&#8220; column_element_direction_desktop=&#8220;default&#8220; column_element_spacing=&#8220;default&#8220; desktop_text_alignment=&#8220;default&#8220; tablet_text_alignment=&#8220;default&#8220; phone_text_alignment=&#8220;default&#8220; background_color_opacity=&#8220;1&#8243; background_hover_color_opacity=&#8220;1&#8243; column_backdrop_filter=&#8220;none&#8220; column_shadow=&#8220;none&#8220; column_border_radius=&#8220;none&#8220; column_link_target=&#8220;_self&#8220; column_position=&#8220;default&#8220; gradient_direction=&#8220;left_to_right&#8220; overlay_strength=&#8220;0.3&#8243; width=&#8220;1\/4&#8243; tablet_width_inherit=&#8220;default&#8220; animation_type=&#8220;default&#8220; bg_image_animation=&#8220;none&#8220; border_type=&#8220;simple&#8220; column_border_width=&#8220;none&#8220; column_border_style=&#8220;solid&#8220;][image_with_animation image_url=&#8220;970&#8243; image_size=&#8220;full&#8220; max_width=&#8220;100%&#8220; max_width_mobile=&#8220;default&#8220; animation_type=&#8220;entrance&#8220; animation=&#8220;None&#8220; animation_movement_type=&#8220;transform_y&#8220; hover_animation=&#8220;none&#8220; alignment=&#8220;&#8220; border_radius=&#8220;none&#8220; box_shadow=&#8220;none&#8220; image_loading=&#8220;default&#8220; mask_enable=&#8220;true&#8220; mask_shape=&#8220;circle-rect&#8220; mask_size=&#8220;contain&#8220;][\/vc_column][\/vc_row]\n","protected":false},"excerpt":{"rendered":"<p>[vc_row type=&#8220;full_width_content&#8220; full_screen_row_position=&#8220;middle&#8220; column_margin=&#8220;default&#8220; equal_height=&#8220;yes&#8220; content_placement=&#8220;middle&#8220; column_direction=&#8220;default&#8220; column_direction_tablet=&#8220;default&#8220; column_direction_phone=&#8220;default&#8220; scene_position=&#8220;center&#8220; top_padding=&#8220;250&#8243; bottom_padding=&#8220;50&#8243; left_padding_desktop=&#8220;10%&#8220; constrain_group_2=&#8220;yes&#8220; right_padding_desktop=&#8220;10%&#8220; top_padding_tablet=&#8220;200&#8243; bottom_padding_tablet=&#8220;33&#8243; top_padding_phone=&#8220;125&#8243; bottom_padding_phone=&#8220;25&#8243; text_color=&#8220;dark&#8220; text_align=&#8220;left&#8220; row_border_radius=&#8220;none&#8220; row_border_radius_applies=&#8220;bg&#8220; row_position_desktop=&#8220;default&#8220; row_position_tablet=&#8220;inherit&#8220; row_position_phone=&#8220;inherit&#8220; overflow=&#8220;visible&#8220; overlay_strength=&#8220;0.3&#8243; gradient_direction=&#8220;left_to_right&#8220; shape_divider_position=&#8220;bottom&#8220;&#8230;<\/p>\n","protected":false},"author":1,"featured_media":757,"parent":0,"menu_order":0,"comment_status":"closed","ping_status":"closed","template":"","meta":{"footnotes":""},"class_list":["post-762","page","type-page","status-publish","has-post-thumbnail"],"yoast_head":"<!-- This site is optimized with the Yoast SEO plugin v27.4 - https:\/\/yoast.com\/product\/yoast-seo-wordpress\/ -->\n<title>Waldterrasse - De Oude Brandtoren<\/title>\n<meta name=\"description\" content=\"Entdecken Sie die gro\u00dfz\u00fcgige Waldterrasse der Oude Brandtoren in Reusel mit 250 Sitzpl\u00e4tzen. Genie\u00dfen Sie Sonne, Ruhe und eine bourgundische K\u00fcche.\" \/>\n<meta name=\"robots\" content=\"index, follow, max-snippet:-1, max-image-preview:large, max-video-preview:-1\" \/>\n<link rel=\"canonical\" href=\"https:\/\/oudebrandtoren.nl\/de\/waldterrasse\/\" \/>\n<meta property=\"og:locale\" content=\"de_DE\" \/>\n<meta property=\"og:type\" content=\"article\" \/>\n<meta property=\"og:title\" content=\"Waldterrasse - De Oude Brandtoren\" \/>\n<meta property=\"og:description\" content=\"Entdecken Sie die gro\u00dfz\u00fcgige Waldterrasse der Oude Brandtoren in Reusel mit 250 Sitzpl\u00e4tzen. Genie\u00dfen Sie Sonne, Ruhe und eine bourgundische K\u00fcche.\" \/>\n<meta property=\"og:url\" content=\"https:\/\/oudebrandtoren.nl\/de\/waldterrasse\/\" \/>\n<meta property=\"og:site_name\" content=\"De Oude Brandtoren\" \/>\n<meta property=\"article:publisher\" content=\"https:\/\/www.facebook.com\/profile.php?id=61573394348854\" \/>\n<meta property=\"article:modified_time\" content=\"2026-01-27T10:00:32+00:00\" \/>\n<meta property=\"og:image\" content=\"https:\/\/oudebrandtoren.nl\/wp-content\/uploads\/2026\/01\/Bos-Terras-Oude-Brandtoren-1000x1301-1.jpg\" \/>\n\t<meta property=\"og:image:width\" content=\"1000\" \/>\n\t<meta property=\"og:image:height\" content=\"1301\" \/>\n\t<meta property=\"og:image:type\" content=\"image\/jpeg\" \/>\n<meta name=\"twitter:card\" content=\"summary_large_image\" \/>\n<meta name=\"twitter:label1\" content=\"Gesch\u00e4tzte Lesezeit\" \/>\n\t<meta name=\"twitter:data1\" content=\"6\u00a0Minuten\" \/>\n<script type=\"application\/ld+json\" class=\"yoast-schema-graph\">{\"@context\":\"https:\\\/\\\/schema.org\",\"@graph\":[{\"@type\":\"WebPage\",\"@id\":\"https:\\\/\\\/oudebrandtoren.nl\\\/de\\\/waldterrasse\\\/\",\"url\":\"https:\\\/\\\/oudebrandtoren.nl\\\/de\\\/waldterrasse\\\/\",\"name\":\"Waldterrasse - De Oude Brandtoren\",\"isPartOf\":{\"@id\":\"https:\\\/\\\/oudebrandtoren.nl\\\/de\\\/#website\"},\"primaryImageOfPage\":{\"@id\":\"https:\\\/\\\/oudebrandtoren.nl\\\/de\\\/waldterrasse\\\/#primaryimage\"},\"image\":{\"@id\":\"https:\\\/\\\/oudebrandtoren.nl\\\/de\\\/waldterrasse\\\/#primaryimage\"},\"thumbnailUrl\":\"https:\\\/\\\/oudebrandtoren.nl\\\/wp-content\\\/uploads\\\/2026\\\/01\\\/Bos-Terras-Oude-Brandtoren-1000x1301-1.jpg\",\"datePublished\":\"2025-04-17T11:29:22+00:00\",\"dateModified\":\"2026-01-27T10:00:32+00:00\",\"description\":\"Entdecken Sie die gro\u00dfz\u00fcgige Waldterrasse der Oude Brandtoren in Reusel mit 250 Sitzpl\u00e4tzen. Genie\u00dfen Sie Sonne, Ruhe und eine bourgundische K\u00fcche.\",\"breadcrumb\":{\"@id\":\"https:\\\/\\\/oudebrandtoren.nl\\\/de\\\/waldterrasse\\\/#breadcrumb\"},\"inLanguage\":\"de\",\"potentialAction\":[{\"@type\":\"ReadAction\",\"target\":[\"https:\\\/\\\/oudebrandtoren.nl\\\/de\\\/waldterrasse\\\/\"]}]},{\"@type\":\"ImageObject\",\"inLanguage\":\"de\",\"@id\":\"https:\\\/\\\/oudebrandtoren.nl\\\/de\\\/waldterrasse\\\/#primaryimage\",\"url\":\"https:\\\/\\\/oudebrandtoren.nl\\\/wp-content\\\/uploads\\\/2026\\\/01\\\/Bos-Terras-Oude-Brandtoren-1000x1301-1.jpg\",\"contentUrl\":\"https:\\\/\\\/oudebrandtoren.nl\\\/wp-content\\\/uploads\\\/2026\\\/01\\\/Bos-Terras-Oude-Brandtoren-1000x1301-1.jpg\",\"width\":1000,\"height\":1301,\"caption\":\"Die gro\u00dfz\u00fcgige Waldterrasse der Oude Brandtoren, wundersch\u00f6n gelegen mitten im Gr\u00fcnen.\"},{\"@type\":\"BreadcrumbList\",\"@id\":\"https:\\\/\\\/oudebrandtoren.nl\\\/de\\\/waldterrasse\\\/#breadcrumb\",\"itemListElement\":[{\"@type\":\"ListItem\",\"position\":1,\"name\":\"Home\",\"item\":\"https:\\\/\\\/oudebrandtoren.nl\\\/de\\\/willkommen\\\/\"},{\"@type\":\"ListItem\",\"position\":2,\"name\":\"Waldterrasse\"}]},{\"@type\":\"WebSite\",\"@id\":\"https:\\\/\\\/oudebrandtoren.nl\\\/de\\\/#website\",\"url\":\"https:\\\/\\\/oudebrandtoren.nl\\\/de\\\/\",\"name\":\"De Oude Brandtoren\",\"description\":\"Natuurlijk Genieten\",\"publisher\":{\"@id\":\"https:\\\/\\\/oudebrandtoren.nl\\\/de\\\/#organization\"},\"potentialAction\":[{\"@type\":\"SearchAction\",\"target\":{\"@type\":\"EntryPoint\",\"urlTemplate\":\"https:\\\/\\\/oudebrandtoren.nl\\\/de\\\/?s={search_term_string}\"},\"query-input\":{\"@type\":\"PropertyValueSpecification\",\"valueRequired\":true,\"valueName\":\"search_term_string\"}}],\"inLanguage\":\"de\"},{\"@type\":\"Organization\",\"@id\":\"https:\\\/\\\/oudebrandtoren.nl\\\/de\\\/#organization\",\"name\":\"De Oude Brandtoren\",\"url\":\"https:\\\/\\\/oudebrandtoren.nl\\\/de\\\/\",\"logo\":{\"@type\":\"ImageObject\",\"inLanguage\":\"de\",\"@id\":\"https:\\\/\\\/oudebrandtoren.nl\\\/de\\\/#\\\/schema\\\/logo\\\/image\\\/\",\"url\":\"https:\\\/\\\/oudebrandtoren.nl\\\/wp-content\\\/uploads\\\/2025\\\/04\\\/Oude-Brandtoren-Logo-3-350x4003-1.png\",\"contentUrl\":\"https:\\\/\\\/oudebrandtoren.nl\\\/wp-content\\\/uploads\\\/2025\\\/04\\\/Oude-Brandtoren-Logo-3-350x4003-1.png\",\"width\":350,\"height\":400,\"caption\":\"De Oude Brandtoren\"},\"image\":{\"@id\":\"https:\\\/\\\/oudebrandtoren.nl\\\/de\\\/#\\\/schema\\\/logo\\\/image\\\/\"},\"sameAs\":[\"https:\\\/\\\/www.facebook.com\\\/profile.php?id=61573394348854\",\"https:\\\/\\\/www.instagram.com\\\/oudebrandtoren\\\/\"]}]}<\/script>\n<!-- \/ Yoast SEO plugin. -->","yoast_head_json":{"title":"Waldterrasse - De Oude Brandtoren","description":"Entdecken Sie die gro\u00dfz\u00fcgige Waldterrasse der Oude Brandtoren in Reusel mit 250 Sitzpl\u00e4tzen. Genie\u00dfen Sie Sonne, Ruhe und eine bourgundische K\u00fcche.","robots":{"index":"index","follow":"follow","max-snippet":"max-snippet:-1","max-image-preview":"max-image-preview:large","max-video-preview":"max-video-preview:-1"},"canonical":"https:\/\/oudebrandtoren.nl\/de\/waldterrasse\/","og_locale":"de_DE","og_type":"article","og_title":"Waldterrasse - De Oude Brandtoren","og_description":"Entdecken Sie die gro\u00dfz\u00fcgige Waldterrasse der Oude Brandtoren in Reusel mit 250 Sitzpl\u00e4tzen. Genie\u00dfen Sie Sonne, Ruhe und eine bourgundische K\u00fcche.","og_url":"https:\/\/oudebrandtoren.nl\/de\/waldterrasse\/","og_site_name":"De Oude Brandtoren","article_publisher":"https:\/\/www.facebook.com\/profile.php?id=61573394348854","article_modified_time":"2026-01-27T10:00:32+00:00","og_image":[{"width":1000,"height":1301,"url":"https:\/\/oudebrandtoren.nl\/wp-content\/uploads\/2026\/01\/Bos-Terras-Oude-Brandtoren-1000x1301-1.jpg","type":"image\/jpeg"}],"twitter_card":"summary_large_image","twitter_misc":{"Gesch\u00e4tzte Lesezeit":"6\u00a0Minuten"},"schema":{"@context":"https:\/\/schema.org","@graph":[{"@type":"WebPage","@id":"https:\/\/oudebrandtoren.nl\/de\/waldterrasse\/","url":"https:\/\/oudebrandtoren.nl\/de\/waldterrasse\/","name":"Waldterrasse - De Oude Brandtoren","isPartOf":{"@id":"https:\/\/oudebrandtoren.nl\/de\/#website"},"primaryImageOfPage":{"@id":"https:\/\/oudebrandtoren.nl\/de\/waldterrasse\/#primaryimage"},"image":{"@id":"https:\/\/oudebrandtoren.nl\/de\/waldterrasse\/#primaryimage"},"thumbnailUrl":"https:\/\/oudebrandtoren.nl\/wp-content\/uploads\/2026\/01\/Bos-Terras-Oude-Brandtoren-1000x1301-1.jpg","datePublished":"2025-04-17T11:29:22+00:00","dateModified":"2026-01-27T10:00:32+00:00","description":"Entdecken Sie die gro\u00dfz\u00fcgige Waldterrasse der Oude Brandtoren in Reusel mit 250 Sitzpl\u00e4tzen. Genie\u00dfen Sie Sonne, Ruhe und eine bourgundische K\u00fcche.","breadcrumb":{"@id":"https:\/\/oudebrandtoren.nl\/de\/waldterrasse\/#breadcrumb"},"inLanguage":"de","potentialAction":[{"@type":"ReadAction","target":["https:\/\/oudebrandtoren.nl\/de\/waldterrasse\/"]}]},{"@type":"ImageObject","inLanguage":"de","@id":"https:\/\/oudebrandtoren.nl\/de\/waldterrasse\/#primaryimage","url":"https:\/\/oudebrandtoren.nl\/wp-content\/uploads\/2026\/01\/Bos-Terras-Oude-Brandtoren-1000x1301-1.jpg","contentUrl":"https:\/\/oudebrandtoren.nl\/wp-content\/uploads\/2026\/01\/Bos-Terras-Oude-Brandtoren-1000x1301-1.jpg","width":1000,"height":1301,"caption":"Die gro\u00dfz\u00fcgige Waldterrasse der Oude Brandtoren, wundersch\u00f6n gelegen mitten im Gr\u00fcnen."},{"@type":"BreadcrumbList","@id":"https:\/\/oudebrandtoren.nl\/de\/waldterrasse\/#breadcrumb","itemListElement":[{"@type":"ListItem","position":1,"name":"Home","item":"https:\/\/oudebrandtoren.nl\/de\/willkommen\/"},{"@type":"ListItem","position":2,"name":"Waldterrasse"}]},{"@type":"WebSite","@id":"https:\/\/oudebrandtoren.nl\/de\/#website","url":"https:\/\/oudebrandtoren.nl\/de\/","name":"De Oude Brandtoren","description":"Natuurlijk Genieten","publisher":{"@id":"https:\/\/oudebrandtoren.nl\/de\/#organization"},"potentialAction":[{"@type":"SearchAction","target":{"@type":"EntryPoint","urlTemplate":"https:\/\/oudebrandtoren.nl\/de\/?s={search_term_string}"},"query-input":{"@type":"PropertyValueSpecification","valueRequired":true,"valueName":"search_term_string"}}],"inLanguage":"de"},{"@type":"Organization","@id":"https:\/\/oudebrandtoren.nl\/de\/#organization","name":"De Oude Brandtoren","url":"https:\/\/oudebrandtoren.nl\/de\/","logo":{"@type":"ImageObject","inLanguage":"de","@id":"https:\/\/oudebrandtoren.nl\/de\/#\/schema\/logo\/image\/","url":"https:\/\/oudebrandtoren.nl\/wp-content\/uploads\/2025\/04\/Oude-Brandtoren-Logo-3-350x4003-1.png","contentUrl":"https:\/\/oudebrandtoren.nl\/wp-content\/uploads\/2025\/04\/Oude-Brandtoren-Logo-3-350x4003-1.png","width":350,"height":400,"caption":"De Oude Brandtoren"},"image":{"@id":"https:\/\/oudebrandtoren.nl\/de\/#\/schema\/logo\/image\/"},"sameAs":["https:\/\/www.facebook.com\/profile.php?id=61573394348854","https:\/\/www.instagram.com\/oudebrandtoren\/"]}]}},"_links":{"self":[{"href":"https:\/\/oudebrandtoren.nl\/de\/wp-json\/wp\/v2\/pages\/762","targetHints":{"allow":["GET"]}}],"collection":[{"href":"https:\/\/oudebrandtoren.nl\/de\/wp-json\/wp\/v2\/pages"}],"about":[{"href":"https:\/\/oudebrandtoren.nl\/de\/wp-json\/wp\/v2\/types\/page"}],"author":[{"embeddable":true,"href":"https:\/\/oudebrandtoren.nl\/de\/wp-json\/wp\/v2\/users\/1"}],"replies":[{"embeddable":true,"href":"https:\/\/oudebrandtoren.nl\/de\/wp-json\/wp\/v2\/comments?post=762"}],"version-history":[{"count":34,"href":"https:\/\/oudebrandtoren.nl\/de\/wp-json\/wp\/v2\/pages\/762\/revisions"}],"predecessor-version":[{"id":1040,"href":"https:\/\/oudebrandtoren.nl\/de\/wp-json\/wp\/v2\/pages\/762\/revisions\/1040"}],"wp:featuredmedia":[{"embeddable":true,"href":"https:\/\/oudebrandtoren.nl\/de\/wp-json\/wp\/v2\/media\/757"}],"wp:attachment":[{"href":"https:\/\/oudebrandtoren.nl\/de\/wp-json\/wp\/v2\/media?parent=762"}],"curies":[{"name":"wp","href":"https:\/\/api.w.org\/{rel}","templated":true}]}}