{"id":606,"date":"2026-01-22T11:37:35","date_gmt":"2026-01-22T10:37:35","guid":{"rendered":"https:\/\/oudebrandtoren.nl\/das-geburtstagskind-isst-kostenlos\/"},"modified":"2026-02-23T14:53:16","modified_gmt":"2026-02-23T13:53:16","slug":"das-geburtstagskind-isst-kostenlos","status":"publish","type":"page","link":"https:\/\/oudebrandtoren.nl\/de\/das-geburtstagskind-isst-kostenlos\/","title":{"rendered":"Das Geburtstagskind isst kostenlos"},"content":{"rendered":"[vc_row type=&#8220;full_width_content&#8220; full_screen_row_position=&#8220;middle&#8220; column_margin=&#8220;default&#8220; equal_height=&#8220;yes&#8220; content_placement=&#8220;middle&#8220; column_direction=&#8220;default&#8220; column_direction_tablet=&#8220;default&#8220; column_direction_phone=&#8220;default&#8220; bg_color=&#8220;#0D2920&#8243; full_height=&#8220;yes&#8220; columns_placement=&#8220;stretch&#8220; scene_position=&#8220;center&#8220; text_color=&#8220;light&#8220; text_align=&#8220;center&#8220; row_border_radius=&#8220;none&#8220; row_border_radius_applies=&#8220;bg&#8220; row_position_desktop=&#8220;default&#8220; row_position_tablet=&#8220;inherit&#8220; row_position_phone=&#8220;inherit&#8220; overflow=&#8220;visible&#8220; overlay_strength=&#8220;0.3&#8243; gradient_direction=&#8220;left_to_right&#8220; shape_divider_color=&#8220;#FFFFFF&#8220; shape_divider_position=&#8220;bottom&#8220; bg_image_animation=&#8220;none&#8220; gradient_type=&#8220;default&#8220; shape_type=&#8220;curve&#8220;][vc_column column_padding=&#8220;no-extra-padding&#8220; column_padding_tablet=&#8220;inherit&#8220; column_padding_phone=&#8220;inherit&#8220; column_padding_position=&#8220;all&#8220; column_element_direction_desktop=&#8220;default&#8220; column_element_spacing=&#8220;default&#8220; desktop_text_alignment=&#8220;default&#8220; tablet_text_alignment=&#8220;default&#8220; phone_text_alignment=&#8220;default&#8220; background_color_opacity=&#8220;1&#8243; background_hover_color_opacity=&#8220;1&#8243; background_image=&#8220;552&#8243; background_image_type=&#8220;default&#8220; background_image_position=&#8220;center center&#8220; background_image_stacking=&#8220;default&#8220; enable_bg_scale=&#8220;true&#8220; background_image_loading=&#8220;default&#8220; column_backdrop_filter=&#8220;none&#8220; column_shadow=&#8220;none&#8220; column_border_radius=&#8220;none&#8220; column_link_target=&#8220;_self&#8220; column_position=&#8220;default&#8220; gradient_direction=&#8220;left_to_right&#8220; overlay_strength=&#8220;0.3&#8243; width=&#8220;1\/2&#8243; tablet_width_inherit=&#8220;default&#8220; animation_type=&#8220;default&#8220; bg_image_animation=&#8220;none&#8220; border_type=&#8220;simple&#8220; column_border_width=&#8220;none&#8220; column_border_style=&#8220;solid&#8220; column_padding_type=&#8220;default&#8220; content_layout=&#8220;default&#8220; gradient_type=&#8220;default&#8220;][\/vc_column][vc_column left_padding_desktop=&#8220;10%&#8220; right_padding_desktop=&#8220;30%&#8220; left_padding_tablet=&#8220;10%&#8220; right_padding_tablet=&#8220;20%&#8220; left_padding_phone=&#8220;10%&#8220; right_padding_phone=&#8220;10%&#8220; column_element_direction_desktop=&#8220;default&#8220; column_element_spacing=&#8220;default&#8220; desktop_text_alignment=&#8220;left&#8220; tablet_text_alignment=&#8220;default&#8220; phone_text_alignment=&#8220;default&#8220; background_color_opacity=&#8220;1&#8243; background_hover_color_opacity=&#8220;1&#8243; column_backdrop_filter=&#8220;none&#8220; column_shadow=&#8220;none&#8220; column_border_radius=&#8220;none&#8220; column_link_target=&#8220;_self&#8220; column_position=&#8220;default&#8220; gradient_direction=&#8220;left_to_right&#8220; overlay_strength=&#8220;0.3&#8243; width=&#8220;1\/2&#8243; tablet_width_inherit=&#8220;default&#8220; animation_type=&#8220;default&#8220; bg_image_animation=&#8220;none&#8220; border_type=&#8220;simple&#8220; column_border_width=&#8220;none&#8220; column_border_style=&#8220;solid&#8220; column_padding_type=&#8220;advanced&#8220; content_layout=&#8220;default&#8220; gradient_type=&#8220;default&#8220;][divider line_type=&#8220;No Line&#8220; custom_height=&#8220;50&#8243;][vc_column_text css=&#8220;&#8220; text_direction=&#8220;default&#8220;]\n<h1>Das Geburtstagskind isst kostenlos<\/h1>\n[\/vc_column_text][divider line_type=&#8220;No Line&#8220; custom_height=&#8220;10&#8243;][vc_column_text css=&#8220;&#8220; text_direction=&#8220;default&#8220;]\n<h3 class=\"p1\">Hast du Geburtstag? Dann laden wir dich ein! Gegen Vorlage eines g\u00fcltigen Ausweises erh\u00e4lt das Geburtstagskind eine Vorspeise und ein Hauptgericht nach Wahl aus der Speisekarte \u2013 v\u00f6llig kostenlos.  <\/h3>\n[\/vc_column_text][divider line_type=&#8220;No Line&#8220; custom_height=&#8220;10&#8243;][\/vc_column][\/vc_row][vc_row type=&#8220;full_width_content&#8220; full_screen_row_position=&#8220;middle&#8220; column_margin=&#8220;default&#8220; column_direction=&#8220;default&#8220; column_direction_tablet=&#8220;default&#8220; column_direction_phone=&#8220;default&#8220; scene_position=&#8220;center&#8220; top_padding=&#8220;100&#8243; left_padding_desktop=&#8220;15%&#8220; constrain_group_2=&#8220;yes&#8220; right_padding_desktop=&#8220;15%&#8220; left_padding_phone=&#8220;10%&#8220; constrain_group_6=&#8220;yes&#8220; right_padding_phone=&#8220;10%&#8220; text_color=&#8220;dark&#8220; text_align=&#8220;left&#8220; row_border_radius=&#8220;none&#8220; row_border_radius_applies=&#8220;bg&#8220; row_position_desktop=&#8220;default&#8220; row_position_tablet=&#8220;inherit&#8220; row_position_phone=&#8220;inherit&#8220; overflow=&#8220;visible&#8220; overlay_strength=&#8220;0.3&#8243; gradient_direction=&#8220;left_to_right&#8220; shape_divider_position=&#8220;bottom&#8220; bg_image_animation=&#8220;none&#8220; gradient_type=&#8220;default&#8220; shape_type=&#8220;&#8220;][vc_column column_padding=&#8220;no-extra-padding&#8220; column_padding_tablet=&#8220;inherit&#8220; column_padding_phone=&#8220;inherit&#8220; column_padding_position=&#8220;all&#8220; flex_gap_desktop=&#8220;10px&#8220; column_element_direction_desktop=&#8220;default&#8220; column_element_spacing=&#8220;default&#8220; desktop_text_alignment=&#8220;default&#8220; tablet_text_alignment=&#8220;default&#8220; phone_text_alignment=&#8220;default&#8220; background_color_opacity=&#8220;1&#8243; background_hover_color_opacity=&#8220;1&#8243; column_backdrop_filter=&#8220;none&#8220; column_shadow=&#8220;none&#8220; column_border_radius=&#8220;none&#8220; column_link_target=&#8220;_self&#8220; column_position=&#8220;default&#8220; gradient_direction=&#8220;left_to_right&#8220; overlay_strength=&#8220;0.3&#8243; width=&#8220;1\/1&#8243; tablet_width_inherit=&#8220;default&#8220; animation_type=&#8220;default&#8220; bg_image_animation=&#8220;none&#8220; border_type=&#8220;simple&#8220; column_border_width=&#8220;none&#8220; column_border_style=&#8220;solid&#8220;][vc_column_text css=&#8220;&#8220; text_direction=&#8220;default&#8220;]\n<h2 style=\"text-align: center;\">Bedingungen<\/h2>\n[\/vc_column_text][vc_row_inner column_margin=&#8220;default&#8220; column_direction=&#8220;default&#8220; column_direction_tablet=&#8220;default&#8220; column_direction_phone=&#8220;default&#8220; text_align=&#8220;left&#8220; row_position=&#8220;default&#8220; row_position_tablet=&#8220;inherit&#8220; row_position_phone=&#8220;inherit&#8220; overflow=&#8220;visible&#8220; pointer_events=&#8220;all&#8220;][vc_column_inner column_padding=&#8220;padding-5-percent&#8220; column_padding_tablet=&#8220;inherit&#8220; column_padding_phone=&#8220;inherit&#8220; column_padding_position=&#8220;right&#8220; column_element_direction_desktop=&#8220;default&#8220; column_element_spacing=&#8220;default&#8220; desktop_text_alignment=&#8220;default&#8220; tablet_text_alignment=&#8220;default&#8220; phone_text_alignment=&#8220;default&#8220; background_color_opacity=&#8220;1&#8243; background_hover_color_opacity=&#8220;1&#8243; column_backdrop_filter=&#8220;none&#8220; column_shadow=&#8220;none&#8220; column_border_radius=&#8220;none&#8220; column_link_target=&#8220;_self&#8220; overflow=&#8220;visible&#8220; gradient_direction=&#8220;left_to_right&#8220; overlay_strength=&#8220;0.3&#8243; width=&#8220;1\/2&#8243; tablet_width_inherit=&#8220;default&#8220; animation_type=&#8220;default&#8220; bg_image_animation=&#8220;none&#8220; border_type=&#8220;simple&#8220; column_border_width=&#8220;none&#8220; column_border_style=&#8220;solid&#8220; column_padding_type=&#8220;default&#8220; content_layout=&#8220;default&#8220; gradient_type=&#8220;default&#8220;][vc_column_text css=&#8220;&#8220; text_direction=&#8220;default&#8220;]\n<ul>\n<li>Die Aktion ist ausschlie\u00dflich am tats\u00e4chlichen Geburtstag g\u00fcltig<\/li>\n<li>G\u00fcltig von Montag bis Sonntag<\/li>\n<li>Die Aktion kann maximal einmal pro Tag in Anspruch genommen werden<\/li>\n<li>Die kostenlosen Gerichte sind pers\u00f6nlich f\u00fcr das Geburtstagskind bestimmt und d\u00fcrfen nicht mit anderen G\u00e4sten geteilt oder getauscht werden<\/li>\n<\/ul>\n[\/vc_column_text][\/vc_column_inner][vc_column_inner column_padding=&#8220;padding-5-percent&#8220; column_padding_tablet=&#8220;inherit&#8220; column_padding_phone=&#8220;inherit&#8220; column_padding_position=&#8220;right&#8220; column_element_direction_desktop=&#8220;default&#8220; column_element_spacing=&#8220;default&#8220; desktop_text_alignment=&#8220;default&#8220; tablet_text_alignment=&#8220;default&#8220; phone_text_alignment=&#8220;default&#8220; background_color_opacity=&#8220;1&#8243; background_hover_color_opacity=&#8220;1&#8243; column_backdrop_filter=&#8220;none&#8220; column_shadow=&#8220;none&#8220; column_border_radius=&#8220;none&#8220; column_link_target=&#8220;_self&#8220; overflow=&#8220;visible&#8220; gradient_direction=&#8220;left_to_right&#8220; overlay_strength=&#8220;0.3&#8243; width=&#8220;1\/2&#8243; tablet_width_inherit=&#8220;default&#8220; animation_type=&#8220;default&#8220; bg_image_animation=&#8220;none&#8220; border_type=&#8220;simple&#8220; column_border_width=&#8220;none&#8220; column_border_style=&#8220;solid&#8220; column_padding_type=&#8220;default&#8220; content_layout=&#8220;default&#8220; gradient_type=&#8220;default&#8220;][vc_column_text css=&#8220;&#8220; text_direction=&#8220;default&#8220;]\n<ul>\n<li>Kinder bis einschlie\u00dflich 8 Jahre k\u00f6nnen ausschlie\u00dflich von der Kinderkarte bestellen<\/li>\n<li>Nicht g\u00fcltig in Kombination mit dem Sonntags- oder Feiertagsbrunch<\/li>\n<li>Kein g\u00fcltiger Ausweis = keine Aktion<\/li>\n<\/ul>\n[\/vc_column_text][\/vc_column_inner][\/vc_row_inner][\/vc_column][\/vc_row]\n","protected":false},"excerpt":{"rendered":"<p>[vc_row type=&#8220;full_width_content&#8220; full_screen_row_position=&#8220;middle&#8220; column_margin=&#8220;default&#8220; equal_height=&#8220;yes&#8220; content_placement=&#8220;middle&#8220; column_direction=&#8220;default&#8220; column_direction_tablet=&#8220;default&#8220; column_direction_phone=&#8220;default&#8220; bg_color=&#8220;#0D2920&#8243; full_height=&#8220;yes&#8220; columns_placement=&#8220;stretch&#8220; scene_position=&#8220;center&#8220; text_color=&#8220;light&#8220; text_align=&#8220;center&#8220; row_border_radius=&#8220;none&#8220; row_border_radius_applies=&#8220;bg&#8220; row_position_desktop=&#8220;default&#8220; row_position_tablet=&#8220;inherit&#8220; row_position_phone=&#8220;inherit&#8220; overflow=&#8220;visible&#8220; overlay_strength=&#8220;0.3&#8243; gradient_direction=&#8220;left_to_right&#8220; shape_divider_color=&#8220;#FFFFFF&#8220; shape_divider_position=&#8220;bottom&#8220; bg_image_animation=&#8220;none&#8220; gradient_type=&#8220;default&#8220; shape_type=&#8220;curve&#8220;][vc_column column_padding=&#8220;no-extra-padding&#8220; column_padding_tablet=&#8220;inherit&#8220;&#8230;<\/p>\n","protected":false},"author":1,"featured_media":605,"parent":0,"menu_order":0,"comment_status":"closed","ping_status":"closed","template":"","meta":{"footnotes":""},"class_list":["post-606","page","type-page","status-publish","has-post-thumbnail"],"yoast_head":"<!-- This site is optimized with the Yoast SEO plugin v27.4 - https:\/\/yoast.com\/product\/yoast-seo-wordpress\/ -->\n<title>Das Geburtstagskind isst kostenlos - De Oude Brandtoren<\/title>\n<meta name=\"description\" content=\"Feiere deinen Geburtstag im De Oude Brandtoren in Reusel.Das Geburtstagskind genie\u00dft am Geburtstag selbst eine kostenlose Vorspeise und ein Hauptgericht.\" \/>\n<meta name=\"robots\" content=\"index, follow, max-snippet:-1, max-image-preview:large, max-video-preview:-1\" \/>\n<link rel=\"canonical\" href=\"https:\/\/oudebrandtoren.nl\/de\/das-geburtstagskind-isst-kostenlos\/\" \/>\n<meta property=\"og:locale\" content=\"de_DE\" \/>\n<meta property=\"og:type\" content=\"article\" \/>\n<meta property=\"og:title\" content=\"Das Geburtstagskind isst kostenlos - De Oude Brandtoren\" \/>\n<meta property=\"og:description\" content=\"Feiere deinen Geburtstag im De Oude Brandtoren in Reusel.Das Geburtstagskind genie\u00dft am Geburtstag selbst eine kostenlose Vorspeise und ein Hauptgericht.\" \/>\n<meta property=\"og:url\" content=\"https:\/\/oudebrandtoren.nl\/de\/das-geburtstagskind-isst-kostenlos\/\" \/>\n<meta property=\"og:site_name\" content=\"De Oude Brandtoren\" \/>\n<meta property=\"article:publisher\" content=\"https:\/\/www.facebook.com\/profile.php?id=61573394348854\" \/>\n<meta property=\"article:modified_time\" content=\"2026-02-23T13:53:16+00:00\" \/>\n<meta property=\"og:image\" content=\"https:\/\/oudebrandtoren.nl\/wp-content\/uploads\/2026\/01\/Oude-Brandtoren-Jarige-Eet-Gratis-1500x2000-1.jpg\" \/>\n\t<meta property=\"og:image:width\" content=\"1500\" \/>\n\t<meta property=\"og:image:height\" content=\"2000\" \/>\n\t<meta property=\"og:image:type\" content=\"image\/jpeg\" \/>\n<meta name=\"twitter:card\" content=\"summary_large_image\" \/>\n<meta name=\"twitter:label1\" content=\"Gesch\u00e4tzte Lesezeit\" \/>\n\t<meta name=\"twitter:data1\" content=\"5\u00a0Minuten\" \/>\n<script type=\"application\/ld+json\" class=\"yoast-schema-graph\">{\"@context\":\"https:\\\/\\\/schema.org\",\"@graph\":[{\"@type\":\"WebPage\",\"@id\":\"https:\\\/\\\/oudebrandtoren.nl\\\/de\\\/das-geburtstagskind-isst-kostenlos\\\/\",\"url\":\"https:\\\/\\\/oudebrandtoren.nl\\\/de\\\/das-geburtstagskind-isst-kostenlos\\\/\",\"name\":\"Das Geburtstagskind isst kostenlos - De Oude Brandtoren\",\"isPartOf\":{\"@id\":\"https:\\\/\\\/oudebrandtoren.nl\\\/de\\\/#website\"},\"primaryImageOfPage\":{\"@id\":\"https:\\\/\\\/oudebrandtoren.nl\\\/de\\\/das-geburtstagskind-isst-kostenlos\\\/#primaryimage\"},\"image\":{\"@id\":\"https:\\\/\\\/oudebrandtoren.nl\\\/de\\\/das-geburtstagskind-isst-kostenlos\\\/#primaryimage\"},\"thumbnailUrl\":\"https:\\\/\\\/oudebrandtoren.nl\\\/wp-content\\\/uploads\\\/2026\\\/01\\\/Oude-Brandtoren-Jarige-Eet-Gratis-1500x2000-1.jpg\",\"datePublished\":\"2026-01-22T10:37:35+00:00\",\"dateModified\":\"2026-02-23T13:53:16+00:00\",\"description\":\"Feiere deinen Geburtstag im De Oude Brandtoren in Reusel.Das Geburtstagskind genie\u00dft am Geburtstag selbst eine kostenlose Vorspeise und ein Hauptgericht.\",\"breadcrumb\":{\"@id\":\"https:\\\/\\\/oudebrandtoren.nl\\\/de\\\/das-geburtstagskind-isst-kostenlos\\\/#breadcrumb\"},\"inLanguage\":\"de\",\"potentialAction\":[{\"@type\":\"ReadAction\",\"target\":[\"https:\\\/\\\/oudebrandtoren.nl\\\/de\\\/das-geburtstagskind-isst-kostenlos\\\/\"]}]},{\"@type\":\"ImageObject\",\"inLanguage\":\"de\",\"@id\":\"https:\\\/\\\/oudebrandtoren.nl\\\/de\\\/das-geburtstagskind-isst-kostenlos\\\/#primaryimage\",\"url\":\"https:\\\/\\\/oudebrandtoren.nl\\\/wp-content\\\/uploads\\\/2026\\\/01\\\/Oude-Brandtoren-Jarige-Eet-Gratis-1500x2000-1.jpg\",\"contentUrl\":\"https:\\\/\\\/oudebrandtoren.nl\\\/wp-content\\\/uploads\\\/2026\\\/01\\\/Oude-Brandtoren-Jarige-Eet-Gratis-1500x2000-1.jpg\",\"width\":1500,\"height\":2000,\"caption\":\"Feiere deinen Geburtstag im De Oude Brandtoren: Das Geburtstagskind isst kostenlos\"},{\"@type\":\"BreadcrumbList\",\"@id\":\"https:\\\/\\\/oudebrandtoren.nl\\\/de\\\/das-geburtstagskind-isst-kostenlos\\\/#breadcrumb\",\"itemListElement\":[{\"@type\":\"ListItem\",\"position\":1,\"name\":\"Home\",\"item\":\"https:\\\/\\\/oudebrandtoren.nl\\\/de\\\/willkommen\\\/\"},{\"@type\":\"ListItem\",\"position\":2,\"name\":\"Das Geburtstagskind isst kostenlos\"}]},{\"@type\":\"WebSite\",\"@id\":\"https:\\\/\\\/oudebrandtoren.nl\\\/de\\\/#website\",\"url\":\"https:\\\/\\\/oudebrandtoren.nl\\\/de\\\/\",\"name\":\"De Oude Brandtoren\",\"description\":\"Natuurlijk Genieten\",\"publisher\":{\"@id\":\"https:\\\/\\\/oudebrandtoren.nl\\\/de\\\/#organization\"},\"potentialAction\":[{\"@type\":\"SearchAction\",\"target\":{\"@type\":\"EntryPoint\",\"urlTemplate\":\"https:\\\/\\\/oudebrandtoren.nl\\\/de\\\/?s={search_term_string}\"},\"query-input\":{\"@type\":\"PropertyValueSpecification\",\"valueRequired\":true,\"valueName\":\"search_term_string\"}}],\"inLanguage\":\"de\"},{\"@type\":\"Organization\",\"@id\":\"https:\\\/\\\/oudebrandtoren.nl\\\/de\\\/#organization\",\"name\":\"De Oude Brandtoren\",\"url\":\"https:\\\/\\\/oudebrandtoren.nl\\\/de\\\/\",\"logo\":{\"@type\":\"ImageObject\",\"inLanguage\":\"de\",\"@id\":\"https:\\\/\\\/oudebrandtoren.nl\\\/de\\\/#\\\/schema\\\/logo\\\/image\\\/\",\"url\":\"https:\\\/\\\/oudebrandtoren.nl\\\/wp-content\\\/uploads\\\/2025\\\/04\\\/Oude-Brandtoren-Logo-3-350x4003-1.png\",\"contentUrl\":\"https:\\\/\\\/oudebrandtoren.nl\\\/wp-content\\\/uploads\\\/2025\\\/04\\\/Oude-Brandtoren-Logo-3-350x4003-1.png\",\"width\":350,\"height\":400,\"caption\":\"De Oude Brandtoren\"},\"image\":{\"@id\":\"https:\\\/\\\/oudebrandtoren.nl\\\/de\\\/#\\\/schema\\\/logo\\\/image\\\/\"},\"sameAs\":[\"https:\\\/\\\/www.facebook.com\\\/profile.php?id=61573394348854\",\"https:\\\/\\\/www.instagram.com\\\/oudebrandtoren\\\/\"]}]}<\/script>\n<!-- \/ Yoast SEO plugin. -->","yoast_head_json":{"title":"Das Geburtstagskind isst kostenlos - De Oude Brandtoren","description":"Feiere deinen Geburtstag im De Oude Brandtoren in Reusel.Das Geburtstagskind genie\u00dft am Geburtstag selbst eine kostenlose Vorspeise und ein Hauptgericht.","robots":{"index":"index","follow":"follow","max-snippet":"max-snippet:-1","max-image-preview":"max-image-preview:large","max-video-preview":"max-video-preview:-1"},"canonical":"https:\/\/oudebrandtoren.nl\/de\/das-geburtstagskind-isst-kostenlos\/","og_locale":"de_DE","og_type":"article","og_title":"Das Geburtstagskind isst kostenlos - De Oude Brandtoren","og_description":"Feiere deinen Geburtstag im De Oude Brandtoren in Reusel.Das Geburtstagskind genie\u00dft am Geburtstag selbst eine kostenlose Vorspeise und ein Hauptgericht.","og_url":"https:\/\/oudebrandtoren.nl\/de\/das-geburtstagskind-isst-kostenlos\/","og_site_name":"De Oude Brandtoren","article_publisher":"https:\/\/www.facebook.com\/profile.php?id=61573394348854","article_modified_time":"2026-02-23T13:53:16+00:00","og_image":[{"width":1500,"height":2000,"url":"https:\/\/oudebrandtoren.nl\/wp-content\/uploads\/2026\/01\/Oude-Brandtoren-Jarige-Eet-Gratis-1500x2000-1.jpg","type":"image\/jpeg"}],"twitter_card":"summary_large_image","twitter_misc":{"Gesch\u00e4tzte Lesezeit":"5\u00a0Minuten"},"schema":{"@context":"https:\/\/schema.org","@graph":[{"@type":"WebPage","@id":"https:\/\/oudebrandtoren.nl\/de\/das-geburtstagskind-isst-kostenlos\/","url":"https:\/\/oudebrandtoren.nl\/de\/das-geburtstagskind-isst-kostenlos\/","name":"Das Geburtstagskind isst kostenlos - De Oude Brandtoren","isPartOf":{"@id":"https:\/\/oudebrandtoren.nl\/de\/#website"},"primaryImageOfPage":{"@id":"https:\/\/oudebrandtoren.nl\/de\/das-geburtstagskind-isst-kostenlos\/#primaryimage"},"image":{"@id":"https:\/\/oudebrandtoren.nl\/de\/das-geburtstagskind-isst-kostenlos\/#primaryimage"},"thumbnailUrl":"https:\/\/oudebrandtoren.nl\/wp-content\/uploads\/2026\/01\/Oude-Brandtoren-Jarige-Eet-Gratis-1500x2000-1.jpg","datePublished":"2026-01-22T10:37:35+00:00","dateModified":"2026-02-23T13:53:16+00:00","description":"Feiere deinen Geburtstag im De Oude Brandtoren in Reusel.Das Geburtstagskind genie\u00dft am Geburtstag selbst eine kostenlose Vorspeise und ein Hauptgericht.","breadcrumb":{"@id":"https:\/\/oudebrandtoren.nl\/de\/das-geburtstagskind-isst-kostenlos\/#breadcrumb"},"inLanguage":"de","potentialAction":[{"@type":"ReadAction","target":["https:\/\/oudebrandtoren.nl\/de\/das-geburtstagskind-isst-kostenlos\/"]}]},{"@type":"ImageObject","inLanguage":"de","@id":"https:\/\/oudebrandtoren.nl\/de\/das-geburtstagskind-isst-kostenlos\/#primaryimage","url":"https:\/\/oudebrandtoren.nl\/wp-content\/uploads\/2026\/01\/Oude-Brandtoren-Jarige-Eet-Gratis-1500x2000-1.jpg","contentUrl":"https:\/\/oudebrandtoren.nl\/wp-content\/uploads\/2026\/01\/Oude-Brandtoren-Jarige-Eet-Gratis-1500x2000-1.jpg","width":1500,"height":2000,"caption":"Feiere deinen Geburtstag im De Oude Brandtoren: Das Geburtstagskind isst kostenlos"},{"@type":"BreadcrumbList","@id":"https:\/\/oudebrandtoren.nl\/de\/das-geburtstagskind-isst-kostenlos\/#breadcrumb","itemListElement":[{"@type":"ListItem","position":1,"name":"Home","item":"https:\/\/oudebrandtoren.nl\/de\/willkommen\/"},{"@type":"ListItem","position":2,"name":"Das Geburtstagskind isst kostenlos"}]},{"@type":"WebSite","@id":"https:\/\/oudebrandtoren.nl\/de\/#website","url":"https:\/\/oudebrandtoren.nl\/de\/","name":"De Oude Brandtoren","description":"Natuurlijk Genieten","publisher":{"@id":"https:\/\/oudebrandtoren.nl\/de\/#organization"},"potentialAction":[{"@type":"SearchAction","target":{"@type":"EntryPoint","urlTemplate":"https:\/\/oudebrandtoren.nl\/de\/?s={search_term_string}"},"query-input":{"@type":"PropertyValueSpecification","valueRequired":true,"valueName":"search_term_string"}}],"inLanguage":"de"},{"@type":"Organization","@id":"https:\/\/oudebrandtoren.nl\/de\/#organization","name":"De Oude Brandtoren","url":"https:\/\/oudebrandtoren.nl\/de\/","logo":{"@type":"ImageObject","inLanguage":"de","@id":"https:\/\/oudebrandtoren.nl\/de\/#\/schema\/logo\/image\/","url":"https:\/\/oudebrandtoren.nl\/wp-content\/uploads\/2025\/04\/Oude-Brandtoren-Logo-3-350x4003-1.png","contentUrl":"https:\/\/oudebrandtoren.nl\/wp-content\/uploads\/2025\/04\/Oude-Brandtoren-Logo-3-350x4003-1.png","width":350,"height":400,"caption":"De Oude Brandtoren"},"image":{"@id":"https:\/\/oudebrandtoren.nl\/de\/#\/schema\/logo\/image\/"},"sameAs":["https:\/\/www.facebook.com\/profile.php?id=61573394348854","https:\/\/www.instagram.com\/oudebrandtoren\/"]}]}},"_links":{"self":[{"href":"https:\/\/oudebrandtoren.nl\/de\/wp-json\/wp\/v2\/pages\/606","targetHints":{"allow":["GET"]}}],"collection":[{"href":"https:\/\/oudebrandtoren.nl\/de\/wp-json\/wp\/v2\/pages"}],"about":[{"href":"https:\/\/oudebrandtoren.nl\/de\/wp-json\/wp\/v2\/types\/page"}],"author":[{"embeddable":true,"href":"https:\/\/oudebrandtoren.nl\/de\/wp-json\/wp\/v2\/users\/1"}],"replies":[{"embeddable":true,"href":"https:\/\/oudebrandtoren.nl\/de\/wp-json\/wp\/v2\/comments?post=606"}],"version-history":[{"count":4,"href":"https:\/\/oudebrandtoren.nl\/de\/wp-json\/wp\/v2\/pages\/606\/revisions"}],"predecessor-version":[{"id":1248,"href":"https:\/\/oudebrandtoren.nl\/de\/wp-json\/wp\/v2\/pages\/606\/revisions\/1248"}],"wp:featuredmedia":[{"embeddable":true,"href":"https:\/\/oudebrandtoren.nl\/de\/wp-json\/wp\/v2\/media\/605"}],"wp:attachment":[{"href":"https:\/\/oudebrandtoren.nl\/de\/wp-json\/wp\/v2\/media?parent=606"}],"curies":[{"name":"wp","href":"https:\/\/api.w.org\/{rel}","templated":true}]}}