{"id":375,"date":"2025-05-26T13:41:56","date_gmt":"2025-05-26T11:41:56","guid":{"rendered":"https:\/\/oudebrandtoren.nl\/gruppenarrangements\/"},"modified":"2026-02-11T10:49:58","modified_gmt":"2026-02-11T09:49:58","slug":"gruppenarrangements","status":"publish","type":"page","link":"https:\/\/oudebrandtoren.nl\/de\/gruppenarrangements\/","title":{"rendered":"Gruppenarrangements"},"content":{"rendered":"[vc_row type=&#8220;full_width_content&#8220; full_screen_row_position=&#8220;middle&#8220; column_margin=&#8220;default&#8220; column_direction=&#8220;default&#8220; column_direction_tablet=&#8220;default&#8220; column_direction_phone=&#8220;default&#8220; bg_image=&#8220;71&#8243; bg_image_type=&#8220;default&#8220; bg_position=&#8220;center center&#8220; background_image_loading=&#8220;default&#8220; bg_repeat=&#8220;no-repeat&#8220; scene_position=&#8220;center&#8220; text_color=&#8220;light&#8220; text_align=&#8220;center&#8220; row_border_radius=&#8220;none&#8220; row_border_radius_applies=&#8220;bg&#8220; row_position_desktop=&#8220;default&#8220; row_position_tablet=&#8220;inherit&#8220; row_position_phone=&#8220;inherit&#8220; overflow=&#8220;visible&#8220; enable_gradient=&#8220;true&#8220; color_overlay=&#8220;#000000&#8243; overlay_strength=&#8220;0.3&#8243; gradient_direction=&#8220;radial&#8220; shape_divider_position=&#8220;bottom&#8220; bg_image_animation=&#8220;none&#8220; gradient_type=&#8220;default&#8220; shape_type=&#8220;&#8220;][vc_column column_padding=&#8220;no-extra-padding&#8220; column_padding_tablet=&#8220;inherit&#8220; column_padding_phone=&#8220;inherit&#8220; column_padding_position=&#8220;all&#8220; flex_gap_desktop=&#8220;10px&#8220; column_element_direction_desktop=&#8220;default&#8220; column_element_spacing=&#8220;default&#8220; desktop_text_alignment=&#8220;default&#8220; tablet_text_alignment=&#8220;default&#8220; phone_text_alignment=&#8220;default&#8220; background_color_opacity=&#8220;1&#8243; background_hover_color_opacity=&#8220;1&#8243; column_backdrop_filter=&#8220;none&#8220; column_shadow=&#8220;none&#8220; column_border_radius=&#8220;none&#8220; column_link_target=&#8220;_self&#8220; column_position=&#8220;default&#8220; gradient_direction=&#8220;left_to_right&#8220; overlay_strength=&#8220;0.3&#8243; width=&#8220;1\/1&#8243; tablet_width_inherit=&#8220;default&#8220; animation_type=&#8220;default&#8220; bg_image_animation=&#8220;none&#8220; border_type=&#8220;simple&#8220; column_border_width=&#8220;none&#8220; column_border_style=&#8220;solid&#8220;][divider line_type=&#8220;No Line&#8220; custom_height=&#8220;400&#8243; custom_height_phone=&#8220;200&#8243;][vc_column_text css=&#8220;&#8220; text_direction=&#8220;default&#8220;]\n<h1 class=\"p1\">Gruppenarrangements<\/h1>\n[\/vc_column_text][divider line_type=&#8220;No Line&#8220; custom_height=&#8220;200&#8243; custom_height_phone=&#8220;100&#8243;][\/vc_column][\/vc_row][vc_row type=&#8220;in_container&#8220; full_screen_row_position=&#8220;middle&#8220; column_margin=&#8220;default&#8220; column_direction=&#8220;default&#8220; column_direction_tablet=&#8220;default&#8220; column_direction_phone=&#8220;default&#8220; scene_position=&#8220;center&#8220; top_padding=&#8220;100&#8243; constrain_group_1=&#8220;yes&#8220; bottom_padding=&#8220;100&#8243; text_color=&#8220;dark&#8220; text_align=&#8220;left&#8220; row_border_radius=&#8220;none&#8220; row_border_radius_applies=&#8220;bg&#8220; row_position_desktop=&#8220;default&#8220; row_position_tablet=&#8220;inherit&#8220; row_position_phone=&#8220;inherit&#8220; overflow=&#8220;visible&#8220; overlay_strength=&#8220;0.3&#8243; gradient_direction=&#8220;left_to_right&#8220; shape_divider_position=&#8220;bottom&#8220; bg_image_animation=&#8220;none&#8220; gradient_type=&#8220;default&#8220; shape_type=&#8220;&#8220;][vc_column column_padding=&#8220;no-extra-padding&#8220; column_padding_tablet=&#8220;inherit&#8220; column_padding_phone=&#8220;inherit&#8220; column_padding_position=&#8220;all&#8220; flex_gap_desktop=&#8220;10px&#8220; column_element_direction_desktop=&#8220;default&#8220; column_element_spacing=&#8220;default&#8220; desktop_text_alignment=&#8220;default&#8220; tablet_text_alignment=&#8220;default&#8220; phone_text_alignment=&#8220;default&#8220; background_color_opacity=&#8220;1&#8243; background_hover_color_opacity=&#8220;1&#8243; column_backdrop_filter=&#8220;none&#8220; column_shadow=&#8220;none&#8220; column_border_radius=&#8220;none&#8220; column_link_target=&#8220;_self&#8220; column_position=&#8220;default&#8220; gradient_direction=&#8220;left_to_right&#8220; overlay_strength=&#8220;0.3&#8243; width=&#8220;1\/1&#8243; tablet_width_inherit=&#8220;default&#8220; animation_type=&#8220;default&#8220; bg_image_animation=&#8220;none&#8220; border_type=&#8220;simple&#8220; column_border_width=&#8220;none&#8220; column_border_style=&#8220;solid&#8220;][vc_column_text css=&#8220;&#8220; text_direction=&#8220;default&#8220;]\n<h2 data-start=\"152\" data-end=\"626\">Gemeinsam genie\u00dfen<\/h2>\n<p data-start=\"152\" data-end=\"626\">Planen Sie, mit einer Gruppe gemeinsam essen zu gehen, etwas zu trinken oder ein gem\u00fctliches Beisammensein zu organisieren? Dann sind Sie bei De Oude Brandtoren in Reusel genau richtig! In unserer Brosch\u00fcre finden Sie zahlreiche attraktive Gruppenarrangements \u2014 von ausgedehnten Abendessen \u00fcber kleine H\u00e4ppchen bis hin zu gem\u00fctlichen Lunch-Optionen. Perfekt f\u00fcr Familienausfl\u00fcge, Freundesgruppen, Vereine oder Kollegen, die gemeinsam etwas zu feiern haben.   <\/p>\n<p data-start=\"628\" data-end=\"1049\">Gerne denken wir mit Ihnen mit, um den Tag zu einem vollen Erfolg zu machen. Alles ist besprechbar, und wir passen das Arrangement gerne an Ihre W\u00fcnsche an. Senden Sie uns einfach eine E-Mail an <span style=\"text-decoration: underline;\"><a class=\"decorated-link cursor-pointer\" rel=\"noopener\" data-start=\"811\" data-end=\"833\">info@oudebrandtoren.nl <\/a><\/span>mit dem gew\u00fcnschten Datum, der Personenzahl (eine Sch\u00e4tzung ist ausreichend), dem Zeitrahmen und Ihrem bevorzugten Arrangement. Wir melden uns zeitnah bei Ihnen, um gemeinsam die Details zu besprechen.   <\/p>\n<p data-start=\"1051\" data-end=\"1188\">Bl\u00e4ttern Sie unten durch die Brosch\u00fcre und entdecken Sie die vielf\u00e4ltigen M\u00f6glichkeiten \u2014 wir k\u00fcmmern uns um den Rest. Bis bald bei De Oude Brandtoren! <\/p>\n[\/vc_column_text][divider line_type=&#8220;No Line&#8220;][nectar_btn size=&#8220;large&#8220; open_new_tab=&#8220;true&#8220; button_style=&#8220;see-through-2&#8243; color_override=&#8220;#213120&#8243; hover_color_override=&#8220;#213120&#8243; hover_text_color_override=&#8220;#ffffff&#8220; icon_family=&#8220;none&#8220; text=&#8220;GRUPPENARRANGEMENTS&#8220; url=&#8220;https:\/\/oudebrandtoren.nl\/wp-content\/uploads\/2026\/02\/Arrangementen_DOB-V2.pdf&#8220;][\/vc_column][\/vc_row]\n","protected":false},"excerpt":{"rendered":"<p>[vc_row type=&#8220;full_width_content&#8220; full_screen_row_position=&#8220;middle&#8220; column_margin=&#8220;default&#8220; column_direction=&#8220;default&#8220; column_direction_tablet=&#8220;default&#8220; column_direction_phone=&#8220;default&#8220; bg_image=&#8220;71&#8243; bg_image_type=&#8220;default&#8220; bg_position=&#8220;center center&#8220; background_image_loading=&#8220;default&#8220; bg_repeat=&#8220;no-repeat&#8220; scene_position=&#8220;center&#8220; text_color=&#8220;light&#8220; text_align=&#8220;center&#8220; row_border_radius=&#8220;none&#8220; row_border_radius_applies=&#8220;bg&#8220; row_position_desktop=&#8220;default&#8220; row_position_tablet=&#8220;inherit&#8220; row_position_phone=&#8220;inherit&#8220; overflow=&#8220;visible&#8220; enable_gradient=&#8220;true&#8220; color_overlay=&#8220;#000000&#8243; overlay_strength=&#8220;0.3&#8243; gradient_direction=&#8220;radial&#8220; shape_divider_position=&#8220;bottom&#8220; bg_image_animation=&#8220;none&#8220; gradient_type=&#8220;default&#8220; shape_type=&#8220;&#8220;][vc_column&#8230;<\/p>\n","protected":false},"author":1,"featured_media":542,"parent":0,"menu_order":0,"comment_status":"closed","ping_status":"closed","template":"","meta":{"footnotes":""},"class_list":["post-375","page","type-page","status-publish","has-post-thumbnail"],"yoast_head":"<!-- This site is optimized with the Yoast SEO plugin v27.4 - https:\/\/yoast.com\/product\/yoast-seo-wordpress\/ -->\n<title>Gruppenarrangements - De Oude Brandtoren<\/title>\n<meta name=\"robots\" content=\"index, follow, max-snippet:-1, max-image-preview:large, max-video-preview:-1\" \/>\n<link rel=\"canonical\" href=\"https:\/\/oudebrandtoren.nl\/de\/gruppenarrangements\/\" \/>\n<meta property=\"og:locale\" content=\"de_DE\" \/>\n<meta property=\"og:type\" content=\"article\" \/>\n<meta property=\"og:title\" content=\"Gruppenarrangements - De Oude Brandtoren\" \/>\n<meta property=\"og:description\" content=\"[vc_row type=&#8220;full_width_content&#8220; full_screen_row_position=&#8220;middle&#8220; column_margin=&#8220;default&#8220; column_direction=&#8220;default&#8220; column_direction_tablet=&#8220;default&#8220; column_direction_phone=&#8220;default&#8220; bg_image=&#8220;71&#8243; bg_image_type=&#8220;default&#8220; bg_position=&#8220;center center&#8220; background_image_loading=&#8220;default&#8220; bg_repeat=&#8220;no-repeat&#8220; scene_position=&#8220;center&#8220; text_color=&#8220;light&#8220; text_align=&#8220;center&#8220; row_border_radius=&#8220;none&#8220; row_border_radius_applies=&#8220;bg&#8220; row_position_desktop=&#8220;default&#8220; row_position_tablet=&#8220;inherit&#8220; row_position_phone=&#8220;inherit&#8220; overflow=&#8220;visible&#8220; enable_gradient=&#8220;true&#8220; color_overlay=&#8220;#000000&#8243; overlay_strength=&#8220;0.3&#8243; gradient_direction=&#8220;radial&#8220; shape_divider_position=&#8220;bottom&#8220; bg_image_animation=&#8220;none&#8220; gradient_type=&#8220;default&#8220; shape_type=&#8220;&#8220;][vc_column...\" \/>\n<meta property=\"og:url\" content=\"https:\/\/oudebrandtoren.nl\/de\/gruppenarrangements\/\" \/>\n<meta property=\"og:site_name\" content=\"De Oude Brandtoren\" \/>\n<meta property=\"article:publisher\" content=\"https:\/\/www.facebook.com\/profile.php?id=61573394348854\" \/>\n<meta property=\"article:modified_time\" content=\"2026-02-11T09:49:58+00:00\" \/>\n<meta property=\"og:image\" content=\"https:\/\/oudebrandtoren.nl\/wp-content\/uploads\/2026\/01\/20251211-tomdoms_1968654.jpg\" \/>\n\t<meta property=\"og:image:width\" content=\"2048\" \/>\n\t<meta property=\"og:image:height\" content=\"1365\" \/>\n\t<meta property=\"og:image:type\" content=\"image\/jpeg\" \/>\n<meta name=\"twitter:card\" content=\"summary_large_image\" \/>\n<meta name=\"twitter:label1\" content=\"Gesch\u00e4tzte Lesezeit\" \/>\n\t<meta name=\"twitter:data1\" content=\"3\u00a0Minuten\" \/>\n<script type=\"application\/ld+json\" class=\"yoast-schema-graph\">{\"@context\":\"https:\\\/\\\/schema.org\",\"@graph\":[{\"@type\":\"WebPage\",\"@id\":\"https:\\\/\\\/oudebrandtoren.nl\\\/de\\\/gruppenarrangements\\\/\",\"url\":\"https:\\\/\\\/oudebrandtoren.nl\\\/de\\\/gruppenarrangements\\\/\",\"name\":\"Gruppenarrangements - De Oude Brandtoren\",\"isPartOf\":{\"@id\":\"https:\\\/\\\/oudebrandtoren.nl\\\/de\\\/#website\"},\"primaryImageOfPage\":{\"@id\":\"https:\\\/\\\/oudebrandtoren.nl\\\/de\\\/gruppenarrangements\\\/#primaryimage\"},\"image\":{\"@id\":\"https:\\\/\\\/oudebrandtoren.nl\\\/de\\\/gruppenarrangements\\\/#primaryimage\"},\"thumbnailUrl\":\"https:\\\/\\\/oudebrandtoren.nl\\\/wp-content\\\/uploads\\\/2026\\\/01\\\/20251211-tomdoms_1968654.jpg\",\"datePublished\":\"2025-05-26T11:41:56+00:00\",\"dateModified\":\"2026-02-11T09:49:58+00:00\",\"breadcrumb\":{\"@id\":\"https:\\\/\\\/oudebrandtoren.nl\\\/de\\\/gruppenarrangements\\\/#breadcrumb\"},\"inLanguage\":\"de\",\"potentialAction\":[{\"@type\":\"ReadAction\",\"target\":[\"https:\\\/\\\/oudebrandtoren.nl\\\/de\\\/gruppenarrangements\\\/\"]}]},{\"@type\":\"ImageObject\",\"inLanguage\":\"de\",\"@id\":\"https:\\\/\\\/oudebrandtoren.nl\\\/de\\\/gruppenarrangements\\\/#primaryimage\",\"url\":\"https:\\\/\\\/oudebrandtoren.nl\\\/wp-content\\\/uploads\\\/2026\\\/01\\\/20251211-tomdoms_1968654.jpg\",\"contentUrl\":\"https:\\\/\\\/oudebrandtoren.nl\\\/wp-content\\\/uploads\\\/2026\\\/01\\\/20251211-tomdoms_1968654.jpg\",\"width\":2048,\"height\":1365},{\"@type\":\"BreadcrumbList\",\"@id\":\"https:\\\/\\\/oudebrandtoren.nl\\\/de\\\/gruppenarrangements\\\/#breadcrumb\",\"itemListElement\":[{\"@type\":\"ListItem\",\"position\":1,\"name\":\"Home\",\"item\":\"https:\\\/\\\/oudebrandtoren.nl\\\/de\\\/willkommen\\\/\"},{\"@type\":\"ListItem\",\"position\":2,\"name\":\"Gruppenarrangements\"}]},{\"@type\":\"WebSite\",\"@id\":\"https:\\\/\\\/oudebrandtoren.nl\\\/de\\\/#website\",\"url\":\"https:\\\/\\\/oudebrandtoren.nl\\\/de\\\/\",\"name\":\"De Oude Brandtoren\",\"description\":\"Natuurlijk Genieten\",\"publisher\":{\"@id\":\"https:\\\/\\\/oudebrandtoren.nl\\\/de\\\/#organization\"},\"potentialAction\":[{\"@type\":\"SearchAction\",\"target\":{\"@type\":\"EntryPoint\",\"urlTemplate\":\"https:\\\/\\\/oudebrandtoren.nl\\\/de\\\/?s={search_term_string}\"},\"query-input\":{\"@type\":\"PropertyValueSpecification\",\"valueRequired\":true,\"valueName\":\"search_term_string\"}}],\"inLanguage\":\"de\"},{\"@type\":\"Organization\",\"@id\":\"https:\\\/\\\/oudebrandtoren.nl\\\/de\\\/#organization\",\"name\":\"De Oude Brandtoren\",\"url\":\"https:\\\/\\\/oudebrandtoren.nl\\\/de\\\/\",\"logo\":{\"@type\":\"ImageObject\",\"inLanguage\":\"de\",\"@id\":\"https:\\\/\\\/oudebrandtoren.nl\\\/de\\\/#\\\/schema\\\/logo\\\/image\\\/\",\"url\":\"https:\\\/\\\/oudebrandtoren.nl\\\/wp-content\\\/uploads\\\/2025\\\/04\\\/Oude-Brandtoren-Logo-3-350x4003-1.png\",\"contentUrl\":\"https:\\\/\\\/oudebrandtoren.nl\\\/wp-content\\\/uploads\\\/2025\\\/04\\\/Oude-Brandtoren-Logo-3-350x4003-1.png\",\"width\":350,\"height\":400,\"caption\":\"De Oude Brandtoren\"},\"image\":{\"@id\":\"https:\\\/\\\/oudebrandtoren.nl\\\/de\\\/#\\\/schema\\\/logo\\\/image\\\/\"},\"sameAs\":[\"https:\\\/\\\/www.facebook.com\\\/profile.php?id=61573394348854\",\"https:\\\/\\\/www.instagram.com\\\/oudebrandtoren\\\/\"]}]}<\/script>\n<!-- \/ Yoast SEO plugin. -->","yoast_head_json":{"title":"Gruppenarrangements - De Oude Brandtoren","robots":{"index":"index","follow":"follow","max-snippet":"max-snippet:-1","max-image-preview":"max-image-preview:large","max-video-preview":"max-video-preview:-1"},"canonical":"https:\/\/oudebrandtoren.nl\/de\/gruppenarrangements\/","og_locale":"de_DE","og_type":"article","og_title":"Gruppenarrangements - De Oude Brandtoren","og_description":"[vc_row type=&#8220;full_width_content&#8220; full_screen_row_position=&#8220;middle&#8220; column_margin=&#8220;default&#8220; column_direction=&#8220;default&#8220; column_direction_tablet=&#8220;default&#8220; column_direction_phone=&#8220;default&#8220; bg_image=&#8220;71&#8243; bg_image_type=&#8220;default&#8220; bg_position=&#8220;center center&#8220; background_image_loading=&#8220;default&#8220; bg_repeat=&#8220;no-repeat&#8220; scene_position=&#8220;center&#8220; text_color=&#8220;light&#8220; text_align=&#8220;center&#8220; row_border_radius=&#8220;none&#8220; row_border_radius_applies=&#8220;bg&#8220; row_position_desktop=&#8220;default&#8220; row_position_tablet=&#8220;inherit&#8220; row_position_phone=&#8220;inherit&#8220; overflow=&#8220;visible&#8220; enable_gradient=&#8220;true&#8220; color_overlay=&#8220;#000000&#8243; overlay_strength=&#8220;0.3&#8243; gradient_direction=&#8220;radial&#8220; shape_divider_position=&#8220;bottom&#8220; bg_image_animation=&#8220;none&#8220; gradient_type=&#8220;default&#8220; shape_type=&#8220;&#8220;][vc_column...","og_url":"https:\/\/oudebrandtoren.nl\/de\/gruppenarrangements\/","og_site_name":"De Oude Brandtoren","article_publisher":"https:\/\/www.facebook.com\/profile.php?id=61573394348854","article_modified_time":"2026-02-11T09:49:58+00:00","og_image":[{"width":2048,"height":1365,"url":"https:\/\/oudebrandtoren.nl\/wp-content\/uploads\/2026\/01\/20251211-tomdoms_1968654.jpg","type":"image\/jpeg"}],"twitter_card":"summary_large_image","twitter_misc":{"Gesch\u00e4tzte Lesezeit":"3\u00a0Minuten"},"schema":{"@context":"https:\/\/schema.org","@graph":[{"@type":"WebPage","@id":"https:\/\/oudebrandtoren.nl\/de\/gruppenarrangements\/","url":"https:\/\/oudebrandtoren.nl\/de\/gruppenarrangements\/","name":"Gruppenarrangements - De Oude Brandtoren","isPartOf":{"@id":"https:\/\/oudebrandtoren.nl\/de\/#website"},"primaryImageOfPage":{"@id":"https:\/\/oudebrandtoren.nl\/de\/gruppenarrangements\/#primaryimage"},"image":{"@id":"https:\/\/oudebrandtoren.nl\/de\/gruppenarrangements\/#primaryimage"},"thumbnailUrl":"https:\/\/oudebrandtoren.nl\/wp-content\/uploads\/2026\/01\/20251211-tomdoms_1968654.jpg","datePublished":"2025-05-26T11:41:56+00:00","dateModified":"2026-02-11T09:49:58+00:00","breadcrumb":{"@id":"https:\/\/oudebrandtoren.nl\/de\/gruppenarrangements\/#breadcrumb"},"inLanguage":"de","potentialAction":[{"@type":"ReadAction","target":["https:\/\/oudebrandtoren.nl\/de\/gruppenarrangements\/"]}]},{"@type":"ImageObject","inLanguage":"de","@id":"https:\/\/oudebrandtoren.nl\/de\/gruppenarrangements\/#primaryimage","url":"https:\/\/oudebrandtoren.nl\/wp-content\/uploads\/2026\/01\/20251211-tomdoms_1968654.jpg","contentUrl":"https:\/\/oudebrandtoren.nl\/wp-content\/uploads\/2026\/01\/20251211-tomdoms_1968654.jpg","width":2048,"height":1365},{"@type":"BreadcrumbList","@id":"https:\/\/oudebrandtoren.nl\/de\/gruppenarrangements\/#breadcrumb","itemListElement":[{"@type":"ListItem","position":1,"name":"Home","item":"https:\/\/oudebrandtoren.nl\/de\/willkommen\/"},{"@type":"ListItem","position":2,"name":"Gruppenarrangements"}]},{"@type":"WebSite","@id":"https:\/\/oudebrandtoren.nl\/de\/#website","url":"https:\/\/oudebrandtoren.nl\/de\/","name":"De Oude Brandtoren","description":"Natuurlijk Genieten","publisher":{"@id":"https:\/\/oudebrandtoren.nl\/de\/#organization"},"potentialAction":[{"@type":"SearchAction","target":{"@type":"EntryPoint","urlTemplate":"https:\/\/oudebrandtoren.nl\/de\/?s={search_term_string}"},"query-input":{"@type":"PropertyValueSpecification","valueRequired":true,"valueName":"search_term_string"}}],"inLanguage":"de"},{"@type":"Organization","@id":"https:\/\/oudebrandtoren.nl\/de\/#organization","name":"De Oude Brandtoren","url":"https:\/\/oudebrandtoren.nl\/de\/","logo":{"@type":"ImageObject","inLanguage":"de","@id":"https:\/\/oudebrandtoren.nl\/de\/#\/schema\/logo\/image\/","url":"https:\/\/oudebrandtoren.nl\/wp-content\/uploads\/2025\/04\/Oude-Brandtoren-Logo-3-350x4003-1.png","contentUrl":"https:\/\/oudebrandtoren.nl\/wp-content\/uploads\/2025\/04\/Oude-Brandtoren-Logo-3-350x4003-1.png","width":350,"height":400,"caption":"De Oude Brandtoren"},"image":{"@id":"https:\/\/oudebrandtoren.nl\/de\/#\/schema\/logo\/image\/"},"sameAs":["https:\/\/www.facebook.com\/profile.php?id=61573394348854","https:\/\/www.instagram.com\/oudebrandtoren\/"]}]}},"_links":{"self":[{"href":"https:\/\/oudebrandtoren.nl\/de\/wp-json\/wp\/v2\/pages\/375","targetHints":{"allow":["GET"]}}],"collection":[{"href":"https:\/\/oudebrandtoren.nl\/de\/wp-json\/wp\/v2\/pages"}],"about":[{"href":"https:\/\/oudebrandtoren.nl\/de\/wp-json\/wp\/v2\/types\/page"}],"author":[{"embeddable":true,"href":"https:\/\/oudebrandtoren.nl\/de\/wp-json\/wp\/v2\/users\/1"}],"replies":[{"embeddable":true,"href":"https:\/\/oudebrandtoren.nl\/de\/wp-json\/wp\/v2\/comments?post=375"}],"version-history":[{"count":3,"href":"https:\/\/oudebrandtoren.nl\/de\/wp-json\/wp\/v2\/pages\/375\/revisions"}],"predecessor-version":[{"id":1206,"href":"https:\/\/oudebrandtoren.nl\/de\/wp-json\/wp\/v2\/pages\/375\/revisions\/1206"}],"wp:featuredmedia":[{"embeddable":true,"href":"https:\/\/oudebrandtoren.nl\/de\/wp-json\/wp\/v2\/media\/542"}],"wp:attachment":[{"href":"https:\/\/oudebrandtoren.nl\/de\/wp-json\/wp\/v2\/media?parent=375"}],"curies":[{"name":"wp","href":"https:\/\/api.w.org\/{rel}","templated":true}]}}