{"id":371,"date":"2025-04-17T13:17:59","date_gmt":"2025-04-17T11:17:59","guid":{"rendered":"https:\/\/oudebrandtoren.nl\/taverne\/"},"modified":"2026-01-23T11:58:42","modified_gmt":"2026-01-23T10:58:42","slug":"taverne","status":"publish","type":"page","link":"https:\/\/oudebrandtoren.nl\/de\/taverne\/","title":{"rendered":"Taverne"},"content":{"rendered":"[vc_row type=&#8220;full_width_background&#8220; full_screen_row_position=&#8220;middle&#8220; column_margin=&#8220;default&#8220; column_direction=&#8220;default&#8220; column_direction_tablet=&#8220;default&#8220; column_direction_phone=&#8220;default&#8220; bg_image=&#8220;644&#8243; bg_image_type=&#8220;default&#8220; bg_position=&#8220;center center&#8220; background_image_loading=&#8220;default&#8220; bg_repeat=&#8220;no-repeat&#8220; scene_position=&#8220;center&#8220; text_color=&#8220;light&#8220; text_align=&#8220;left&#8220; row_border_radius=&#8220;none&#8220; row_border_radius_applies=&#8220;bg&#8220; row_position_desktop=&#8220;default&#8220; row_position_tablet=&#8220;inherit&#8220; row_position_phone=&#8220;inherit&#8220; overflow=&#8220;visible&#8220; overlay_strength=&#8220;0.3&#8243; gradient_direction=&#8220;left_to_right&#8220; shape_divider_position=&#8220;bottom&#8220; bg_image_animation=&#8220;none&#8220; gradient_type=&#8220;default&#8220; shape_type=&#8220;&#8220;][vc_column column_padding=&#8220;no-extra-padding&#8220; column_padding_tablet=&#8220;inherit&#8220; column_padding_phone=&#8220;inherit&#8220; column_padding_position=&#8220;all&#8220; flex_gap_desktop=&#8220;10px&#8220; column_element_direction_desktop=&#8220;default&#8220; column_element_spacing=&#8220;default&#8220; desktop_text_alignment=&#8220;default&#8220; tablet_text_alignment=&#8220;default&#8220; phone_text_alignment=&#8220;default&#8220; background_color_opacity=&#8220;1&#8243; background_hover_color_opacity=&#8220;1&#8243; column_backdrop_filter=&#8220;none&#8220; column_shadow=&#8220;none&#8220; column_border_radius=&#8220;none&#8220; column_link_target=&#8220;_self&#8220; column_position=&#8220;default&#8220; gradient_direction=&#8220;left_to_right&#8220; overlay_strength=&#8220;0.3&#8243; width=&#8220;1\/1&#8243; tablet_width_inherit=&#8220;default&#8220; animation_type=&#8220;default&#8220; bg_image_animation=&#8220;none&#8220; border_type=&#8220;simple&#8220; column_border_width=&#8220;none&#8220; column_border_style=&#8220;solid&#8220;][divider line_type=&#8220;No Line&#8220; custom_height=&#8220;400&#8243; custom_height_tablet=&#8220;300&#8243; custom_height_phone=&#8220;200&#8243;][vc_custom_heading source=&#8220;post_title&#8220; font_container=&#8220;tag:h1|font_size:70|text_align:center|color:%23FFFFFF&#8220; use_theme_fonts=&#8220;yes&#8220; css_animation=&#8220;fadeInUp&#8220; css=&#8220;&#8220;][divider line_type=&#8220;No Line&#8220; custom_height=&#8220;100&#8243; custom_height_tablet=&#8220;75&#8243; custom_height_phone=&#8220;50&#8243;][\/vc_column][\/vc_row][vc_row type=&#8220;full_width_content&#8220; full_screen_row_position=&#8220;middle&#8220; column_margin=&#8220;default&#8220; column_direction=&#8220;default&#8220; column_direction_tablet=&#8220;default&#8220; column_direction_phone=&#8220;default&#8220; scene_position=&#8220;center&#8220; top_padding=&#8220;150&#8243; constrain_group_1=&#8220;yes&#8220; bottom_padding=&#8220;150&#8243; left_padding_desktop=&#8220;20%&#8220; constrain_group_2=&#8220;yes&#8220; right_padding_desktop=&#8220;20%&#8220; top_padding_tablet=&#8220;100&#8243; constrain_group_3=&#8220;yes&#8220; bottom_padding_tablet=&#8220;100&#8243; left_padding_tablet=&#8220;15%&#8220; constrain_group_4=&#8220;yes&#8220; right_padding_tablet=&#8220;15%&#8220; top_padding_phone=&#8220;75&#8243; constrain_group_5=&#8220;yes&#8220; bottom_padding_phone=&#8220;75&#8243; left_padding_phone=&#8220;10%&#8220; constrain_group_6=&#8220;yes&#8220; right_padding_phone=&#8220;10%&#8220; text_color=&#8220;dark&#8220; text_align=&#8220;left&#8220; row_border_radius=&#8220;none&#8220; row_border_radius_applies=&#8220;bg&#8220; row_position_desktop=&#8220;default&#8220; row_position_tablet=&#8220;inherit&#8220; row_position_phone=&#8220;inherit&#8220; overflow=&#8220;visible&#8220; overlay_strength=&#8220;0.3&#8243; gradient_direction=&#8220;left_to_right&#8220; shape_divider_position=&#8220;bottom&#8220; bg_image_animation=&#8220;none&#8220; gradient_type=&#8220;default&#8220; shape_type=&#8220;&#8220;][vc_column column_padding=&#8220;padding-5-percent&#8220; column_padding_tablet=&#8220;inherit&#8220; column_padding_phone=&#8220;inherit&#8220; column_padding_position=&#8220;right&#8220; column_element_direction_desktop=&#8220;default&#8220; column_element_spacing=&#8220;default&#8220; desktop_text_alignment=&#8220;default&#8220; tablet_text_alignment=&#8220;default&#8220; phone_text_alignment=&#8220;default&#8220; background_color_opacity=&#8220;1&#8243; background_hover_color_opacity=&#8220;1&#8243; column_backdrop_filter=&#8220;none&#8220; column_shadow=&#8220;none&#8220; column_border_radius=&#8220;none&#8220; column_link_target=&#8220;_self&#8220; column_position=&#8220;default&#8220; gradient_direction=&#8220;left_to_right&#8220; overlay_strength=&#8220;0.3&#8243; width=&#8220;1\/1&#8243; tablet_width_inherit=&#8220;default&#8220; animation_type=&#8220;default&#8220; bg_image_animation=&#8220;none&#8220; border_type=&#8220;simple&#8220; column_border_width=&#8220;none&#8220; column_border_style=&#8220;solid&#8220; column_padding_type=&#8220;default&#8220; content_layout=&#8220;default&#8220; gradient_type=&#8220;default&#8220;][vc_column_text css=&#8220;&#8220; text_direction=&#8220;default&#8220;]\n<h3 data-start=\"310\" data-end=\"692\">Unsere Taverne ist das Herzst\u00fcck des De Oude Brandtoren \u2013 ein gem\u00fctlicher, warmer und stimmungsvoller Ort, an dem man sich sofort wohlf\u00fchlt. Sie sind bei uns jeden Tag herzlich willkommen, sei es f\u00fcr ein k\u00f6stliches Mittagessen, ein ausgiebiges Abendessen oder einfach f\u00fcr ein gem\u00fctliches Getr\u00e4nk mit einem St\u00fcck Kuchen oder einem kleinen Snack.<\/h3>\n[\/vc_column_text][divider line_type=&#8220;No Line&#8220; custom_height=&#8220;20&#8243;][vc_column_text css=&#8220;&#8220; text_direction=&#8220;default&#8220;]\n<p data-start=\"694\" data-end=\"990\">Ab Oktober wird der Kamin wieder angez\u00fcndet und sorgt f\u00fcr eine behagliche, gem\u00fctliche Atmosph\u00e4re, in der man sich an kalten oder regnerischen Tagen wunderbar aufw\u00e4rmen kann. Ob Sie sich mit Freunden austauschen, gemeinsam mit der Familie essen oder einfach entspannen m\u00f6chten \u2013 in unserer Taverne ist all das m\u00f6glich.<\/p>\n[\/vc_column_text][divider line_type=&#8220;No Line&#8220; custom_height=&#8220;20&#8243;][vc_column_text css=&#8220;&#8220; text_direction=&#8220;default&#8220;]\n<p data-start=\"992\" data-end=\"1173\">Besuchen Sie uns und entdecken Sie, warum die Taverne des De Oude Brandtoren zu den gem\u00fctlichsten Gastronomiebetrieben in Reusel z\u00e4hlt \u2013 ein Ort, an dem gutes Essen, Geselligkeit und herzliche Gastfreundschaft zusammenkommen.<\/p>\n[\/vc_column_text][\/vc_column][\/vc_row][vc_row type=&#8220;full_width_content&#8220; full_screen_row_position=&#8220;middle&#8220; column_margin=&#8220;5px&#8220; column_direction=&#8220;default&#8220; column_direction_tablet=&#8220;default&#8220; column_direction_phone=&#8220;default&#8220; scene_position=&#8220;center&#8220; left_padding_desktop=&#8220;20%&#8220; constrain_group_2=&#8220;yes&#8220; right_padding_desktop=&#8220;20%&#8220; left_padding_tablet=&#8220;15%&#8220; constrain_group_4=&#8220;yes&#8220; right_padding_tablet=&#8220;15%&#8220; left_padding_phone=&#8220;10%&#8220; constrain_group_6=&#8220;yes&#8220; right_padding_phone=&#8220;10%&#8220; text_color=&#8220;dark&#8220; text_align=&#8220;left&#8220; row_border_radius=&#8220;none&#8220; row_border_radius_applies=&#8220;bg&#8220; row_position_desktop=&#8220;default&#8220; row_position_tablet=&#8220;inherit&#8220; row_position_phone=&#8220;inherit&#8220; overflow=&#8220;visible&#8220; overlay_strength=&#8220;0.3&#8243; gradient_direction=&#8220;left_to_right&#8220; shape_divider_position=&#8220;bottom&#8220; bg_image_animation=&#8220;none&#8220; gradient_type=&#8220;default&#8220; shape_type=&#8220;&#8220;][vc_column column_padding=&#8220;no-extra-padding&#8220; column_padding_tablet=&#8220;inherit&#8220; column_padding_phone=&#8220;inherit&#8220; column_padding_position=&#8220;all&#8220; flex_gap_desktop=&#8220;10px&#8220; column_element_direction_desktop=&#8220;default&#8220; column_element_spacing=&#8220;default&#8220; desktop_text_alignment=&#8220;default&#8220; tablet_text_alignment=&#8220;default&#8220; phone_text_alignment=&#8220;default&#8220; background_color_opacity=&#8220;1&#8243; background_hover_color_opacity=&#8220;1&#8243; column_backdrop_filter=&#8220;none&#8220; column_shadow=&#8220;none&#8220; column_border_radius=&#8220;none&#8220; column_link_target=&#8220;_self&#8220; column_position=&#8220;default&#8220; gradient_direction=&#8220;left_to_right&#8220; overlay_strength=&#8220;0.3&#8243; width=&#8220;1\/2&#8243; tablet_width_inherit=&#8220;default&#8220; animation_type=&#8220;default&#8220; bg_image_animation=&#8220;none&#8220; border_type=&#8220;simple&#8220; column_border_width=&#8220;none&#8220; column_border_style=&#8220;solid&#8220;][image_with_animation image_url=&#8220;657&#8243; image_size=&#8220;full&#8220; max_width=&#8220;100%&#8220; max_width_mobile=&#8220;default&#8220; animation_type=&#8220;entrance&#8220; animation=&#8220;None&#8220; animation_movement_type=&#8220;transform_y&#8220; hover_animation=&#8220;none&#8220; alignment=&#8220;&#8220; border_radius=&#8220;none&#8220; box_shadow=&#8220;none&#8220; image_loading=&#8220;default&#8220;][divider line_type=&#8220;No Line&#8220; custom_height=&#8220;5px&#8220;][image_with_animation image_url=&#8220;658&#8243; image_size=&#8220;full&#8220; max_width=&#8220;100%&#8220; max_width_mobile=&#8220;default&#8220; animation_type=&#8220;entrance&#8220; animation=&#8220;None&#8220; animation_movement_type=&#8220;transform_y&#8220; hover_animation=&#8220;none&#8220; alignment=&#8220;&#8220; border_radius=&#8220;none&#8220; box_shadow=&#8220;none&#8220; image_loading=&#8220;default&#8220;][\/vc_column][vc_column column_padding=&#8220;no-extra-padding&#8220; column_padding_tablet=&#8220;inherit&#8220; column_padding_phone=&#8220;inherit&#8220; column_padding_position=&#8220;all&#8220; flex_gap_desktop=&#8220;10px&#8220; column_element_direction_desktop=&#8220;default&#8220; column_element_spacing=&#8220;default&#8220; desktop_text_alignment=&#8220;default&#8220; tablet_text_alignment=&#8220;default&#8220; phone_text_alignment=&#8220;default&#8220; background_color_opacity=&#8220;1&#8243; background_hover_color_opacity=&#8220;1&#8243; column_backdrop_filter=&#8220;none&#8220; column_shadow=&#8220;none&#8220; column_border_radius=&#8220;none&#8220; column_link_target=&#8220;_self&#8220; column_position=&#8220;default&#8220; gradient_direction=&#8220;left_to_right&#8220; overlay_strength=&#8220;0.3&#8243; width=&#8220;1\/2&#8243; tablet_width_inherit=&#8220;default&#8220; animation_type=&#8220;default&#8220; bg_image_animation=&#8220;none&#8220; border_type=&#8220;simple&#8220; column_border_width=&#8220;none&#8220; column_border_style=&#8220;solid&#8220;][image_with_animation image_url=&#8220;655&#8243; image_size=&#8220;full&#8220; max_width=&#8220;100%&#8220; max_width_mobile=&#8220;default&#8220; animation_type=&#8220;entrance&#8220; animation=&#8220;None&#8220; animation_movement_type=&#8220;transform_y&#8220; hover_animation=&#8220;none&#8220; alignment=&#8220;&#8220; border_radius=&#8220;none&#8220; box_shadow=&#8220;none&#8220; image_loading=&#8220;default&#8220;][divider line_type=&#8220;No Line&#8220; custom_height=&#8220;5px&#8220;][image_with_animation image_url=&#8220;656&#8243; image_size=&#8220;full&#8220; max_width=&#8220;100%&#8220; max_width_mobile=&#8220;default&#8220; animation_type=&#8220;entrance&#8220; animation=&#8220;None&#8220; animation_movement_type=&#8220;transform_y&#8220; hover_animation=&#8220;none&#8220; alignment=&#8220;&#8220; border_radius=&#8220;none&#8220; box_shadow=&#8220;none&#8220; image_loading=&#8220;default&#8220;][\/vc_column][\/vc_row]\n","protected":false},"excerpt":{"rendered":"<p>[vc_row type=&#8220;full_width_background&#8220; full_screen_row_position=&#8220;middle&#8220; column_margin=&#8220;default&#8220; column_direction=&#8220;default&#8220; column_direction_tablet=&#8220;default&#8220; column_direction_phone=&#8220;default&#8220; bg_image=&#8220;644&#8243; bg_image_type=&#8220;default&#8220; bg_position=&#8220;center center&#8220; background_image_loading=&#8220;default&#8220; bg_repeat=&#8220;no-repeat&#8220; scene_position=&#8220;center&#8220; text_color=&#8220;light&#8220; text_align=&#8220;left&#8220; row_border_radius=&#8220;none&#8220; row_border_radius_applies=&#8220;bg&#8220; row_position_desktop=&#8220;default&#8220; row_position_tablet=&#8220;inherit&#8220; row_position_phone=&#8220;inherit&#8220; overflow=&#8220;visible&#8220; overlay_strength=&#8220;0.3&#8243; gradient_direction=&#8220;left_to_right&#8220; shape_divider_position=&#8220;bottom&#8220; bg_image_animation=&#8220;none&#8220; gradient_type=&#8220;default&#8220; shape_type=&#8220;&#8220;][vc_column column_padding=&#8220;no-extra-padding&#8220; column_padding_tablet=&#8220;inherit&#8220;&#8230;<\/p>\n","protected":false},"author":1,"featured_media":681,"parent":0,"menu_order":0,"comment_status":"closed","ping_status":"closed","template":"","meta":{"footnotes":""},"class_list":["post-371","page","type-page","status-publish","has-post-thumbnail"],"yoast_head":"<!-- This site is optimized with the Yoast SEO plugin v27.4 - https:\/\/yoast.com\/product\/yoast-seo-wordpress\/ -->\n<title>Taverne - De Oude Brandtoren<\/title>\n<meta name=\"description\" content=\"Die Taverne an der Oude Brandtoren in Reusel \u2013 ein warmer, gem\u00fctlicher Ort f\u00fcr Mittagessen, Abendessen oder ein Getr\u00e4nk, mitten im Wald.\" \/>\n<meta name=\"robots\" content=\"index, follow, max-snippet:-1, max-image-preview:large, max-video-preview:-1\" \/>\n<link rel=\"canonical\" href=\"https:\/\/oudebrandtoren.nl\/de\/taverne\/\" \/>\n<meta property=\"og:locale\" content=\"de_DE\" \/>\n<meta property=\"og:type\" content=\"article\" \/>\n<meta property=\"og:title\" content=\"Taverne - De Oude Brandtoren\" \/>\n<meta property=\"og:description\" content=\"Die Taverne an der Oude Brandtoren in Reusel \u2013 ein warmer, gem\u00fctlicher Ort f\u00fcr Mittagessen, Abendessen oder ein Getr\u00e4nk, mitten im Wald.\" \/>\n<meta property=\"og:url\" content=\"https:\/\/oudebrandtoren.nl\/de\/taverne\/\" \/>\n<meta property=\"og:site_name\" content=\"De Oude Brandtoren\" \/>\n<meta property=\"article:publisher\" content=\"https:\/\/www.facebook.com\/profile.php?id=61573394348854\" \/>\n<meta property=\"article:modified_time\" content=\"2026-01-23T10:58:42+00:00\" \/>\n<meta property=\"og:image\" content=\"https:\/\/oudebrandtoren.nl\/wp-content\/uploads\/2026\/01\/20251211-tomdoms_0428221.jpg\" \/>\n\t<meta property=\"og:image:width\" content=\"2048\" \/>\n\t<meta property=\"og:image:height\" content=\"1365\" \/>\n\t<meta property=\"og:image:type\" content=\"image\/jpeg\" \/>\n<meta name=\"twitter:card\" content=\"summary_large_image\" \/>\n<meta name=\"twitter:label1\" content=\"Gesch\u00e4tzte Lesezeit\" \/>\n\t<meta name=\"twitter:data1\" content=\"6\u00a0Minuten\" \/>\n<script type=\"application\/ld+json\" class=\"yoast-schema-graph\">{\"@context\":\"https:\\\/\\\/schema.org\",\"@graph\":[{\"@type\":\"WebPage\",\"@id\":\"https:\\\/\\\/oudebrandtoren.nl\\\/de\\\/taverne\\\/\",\"url\":\"https:\\\/\\\/oudebrandtoren.nl\\\/de\\\/taverne\\\/\",\"name\":\"Taverne - De Oude Brandtoren\",\"isPartOf\":{\"@id\":\"https:\\\/\\\/oudebrandtoren.nl\\\/de\\\/#website\"},\"primaryImageOfPage\":{\"@id\":\"https:\\\/\\\/oudebrandtoren.nl\\\/de\\\/taverne\\\/#primaryimage\"},\"image\":{\"@id\":\"https:\\\/\\\/oudebrandtoren.nl\\\/de\\\/taverne\\\/#primaryimage\"},\"thumbnailUrl\":\"https:\\\/\\\/oudebrandtoren.nl\\\/wp-content\\\/uploads\\\/2026\\\/01\\\/20251211-tomdoms_0428221.jpg\",\"datePublished\":\"2025-04-17T11:17:59+00:00\",\"dateModified\":\"2026-01-23T10:58:42+00:00\",\"description\":\"Die Taverne an der Oude Brandtoren in Reusel \u2013 ein warmer, gem\u00fctlicher Ort f\u00fcr Mittagessen, Abendessen oder ein Getr\u00e4nk, mitten im Wald.\",\"breadcrumb\":{\"@id\":\"https:\\\/\\\/oudebrandtoren.nl\\\/de\\\/taverne\\\/#breadcrumb\"},\"inLanguage\":\"de\",\"potentialAction\":[{\"@type\":\"ReadAction\",\"target\":[\"https:\\\/\\\/oudebrandtoren.nl\\\/de\\\/taverne\\\/\"]}]},{\"@type\":\"ImageObject\",\"inLanguage\":\"de\",\"@id\":\"https:\\\/\\\/oudebrandtoren.nl\\\/de\\\/taverne\\\/#primaryimage\",\"url\":\"https:\\\/\\\/oudebrandtoren.nl\\\/wp-content\\\/uploads\\\/2026\\\/01\\\/20251211-tomdoms_0428221.jpg\",\"contentUrl\":\"https:\\\/\\\/oudebrandtoren.nl\\\/wp-content\\\/uploads\\\/2026\\\/01\\\/20251211-tomdoms_0428221.jpg\",\"width\":2048,\"height\":1365,\"caption\":\"Der stimmungsvolle Innenraum der Taverne an der Oude Brandtoren in Reusel, wo G\u00e4ste in warmer, gem\u00fctlicher Atmosph\u00e4re Mittagessen, Abendessen oder ein Getr\u00e4nk genie\u00dfen.\"},{\"@type\":\"BreadcrumbList\",\"@id\":\"https:\\\/\\\/oudebrandtoren.nl\\\/de\\\/taverne\\\/#breadcrumb\",\"itemListElement\":[{\"@type\":\"ListItem\",\"position\":1,\"name\":\"Home\",\"item\":\"https:\\\/\\\/oudebrandtoren.nl\\\/de\\\/willkommen\\\/\"},{\"@type\":\"ListItem\",\"position\":2,\"name\":\"Taverne\"}]},{\"@type\":\"WebSite\",\"@id\":\"https:\\\/\\\/oudebrandtoren.nl\\\/de\\\/#website\",\"url\":\"https:\\\/\\\/oudebrandtoren.nl\\\/de\\\/\",\"name\":\"De Oude Brandtoren\",\"description\":\"Natuurlijk Genieten\",\"publisher\":{\"@id\":\"https:\\\/\\\/oudebrandtoren.nl\\\/de\\\/#organization\"},\"potentialAction\":[{\"@type\":\"SearchAction\",\"target\":{\"@type\":\"EntryPoint\",\"urlTemplate\":\"https:\\\/\\\/oudebrandtoren.nl\\\/de\\\/?s={search_term_string}\"},\"query-input\":{\"@type\":\"PropertyValueSpecification\",\"valueRequired\":true,\"valueName\":\"search_term_string\"}}],\"inLanguage\":\"de\"},{\"@type\":\"Organization\",\"@id\":\"https:\\\/\\\/oudebrandtoren.nl\\\/de\\\/#organization\",\"name\":\"De Oude Brandtoren\",\"url\":\"https:\\\/\\\/oudebrandtoren.nl\\\/de\\\/\",\"logo\":{\"@type\":\"ImageObject\",\"inLanguage\":\"de\",\"@id\":\"https:\\\/\\\/oudebrandtoren.nl\\\/de\\\/#\\\/schema\\\/logo\\\/image\\\/\",\"url\":\"https:\\\/\\\/oudebrandtoren.nl\\\/wp-content\\\/uploads\\\/2025\\\/04\\\/Oude-Brandtoren-Logo-3-350x4003-1.png\",\"contentUrl\":\"https:\\\/\\\/oudebrandtoren.nl\\\/wp-content\\\/uploads\\\/2025\\\/04\\\/Oude-Brandtoren-Logo-3-350x4003-1.png\",\"width\":350,\"height\":400,\"caption\":\"De Oude Brandtoren\"},\"image\":{\"@id\":\"https:\\\/\\\/oudebrandtoren.nl\\\/de\\\/#\\\/schema\\\/logo\\\/image\\\/\"},\"sameAs\":[\"https:\\\/\\\/www.facebook.com\\\/profile.php?id=61573394348854\",\"https:\\\/\\\/www.instagram.com\\\/oudebrandtoren\\\/\"]}]}<\/script>\n<!-- \/ Yoast SEO plugin. -->","yoast_head_json":{"title":"Taverne - De Oude Brandtoren","description":"Die Taverne an der Oude Brandtoren in Reusel \u2013 ein warmer, gem\u00fctlicher Ort f\u00fcr Mittagessen, Abendessen oder ein Getr\u00e4nk, mitten im Wald.","robots":{"index":"index","follow":"follow","max-snippet":"max-snippet:-1","max-image-preview":"max-image-preview:large","max-video-preview":"max-video-preview:-1"},"canonical":"https:\/\/oudebrandtoren.nl\/de\/taverne\/","og_locale":"de_DE","og_type":"article","og_title":"Taverne - De Oude Brandtoren","og_description":"Die Taverne an der Oude Brandtoren in Reusel \u2013 ein warmer, gem\u00fctlicher Ort f\u00fcr Mittagessen, Abendessen oder ein Getr\u00e4nk, mitten im Wald.","og_url":"https:\/\/oudebrandtoren.nl\/de\/taverne\/","og_site_name":"De Oude Brandtoren","article_publisher":"https:\/\/www.facebook.com\/profile.php?id=61573394348854","article_modified_time":"2026-01-23T10:58:42+00:00","og_image":[{"width":2048,"height":1365,"url":"https:\/\/oudebrandtoren.nl\/wp-content\/uploads\/2026\/01\/20251211-tomdoms_0428221.jpg","type":"image\/jpeg"}],"twitter_card":"summary_large_image","twitter_misc":{"Gesch\u00e4tzte Lesezeit":"6\u00a0Minuten"},"schema":{"@context":"https:\/\/schema.org","@graph":[{"@type":"WebPage","@id":"https:\/\/oudebrandtoren.nl\/de\/taverne\/","url":"https:\/\/oudebrandtoren.nl\/de\/taverne\/","name":"Taverne - De Oude Brandtoren","isPartOf":{"@id":"https:\/\/oudebrandtoren.nl\/de\/#website"},"primaryImageOfPage":{"@id":"https:\/\/oudebrandtoren.nl\/de\/taverne\/#primaryimage"},"image":{"@id":"https:\/\/oudebrandtoren.nl\/de\/taverne\/#primaryimage"},"thumbnailUrl":"https:\/\/oudebrandtoren.nl\/wp-content\/uploads\/2026\/01\/20251211-tomdoms_0428221.jpg","datePublished":"2025-04-17T11:17:59+00:00","dateModified":"2026-01-23T10:58:42+00:00","description":"Die Taverne an der Oude Brandtoren in Reusel \u2013 ein warmer, gem\u00fctlicher Ort f\u00fcr Mittagessen, Abendessen oder ein Getr\u00e4nk, mitten im Wald.","breadcrumb":{"@id":"https:\/\/oudebrandtoren.nl\/de\/taverne\/#breadcrumb"},"inLanguage":"de","potentialAction":[{"@type":"ReadAction","target":["https:\/\/oudebrandtoren.nl\/de\/taverne\/"]}]},{"@type":"ImageObject","inLanguage":"de","@id":"https:\/\/oudebrandtoren.nl\/de\/taverne\/#primaryimage","url":"https:\/\/oudebrandtoren.nl\/wp-content\/uploads\/2026\/01\/20251211-tomdoms_0428221.jpg","contentUrl":"https:\/\/oudebrandtoren.nl\/wp-content\/uploads\/2026\/01\/20251211-tomdoms_0428221.jpg","width":2048,"height":1365,"caption":"Der stimmungsvolle Innenraum der Taverne an der Oude Brandtoren in Reusel, wo G\u00e4ste in warmer, gem\u00fctlicher Atmosph\u00e4re Mittagessen, Abendessen oder ein Getr\u00e4nk genie\u00dfen."},{"@type":"BreadcrumbList","@id":"https:\/\/oudebrandtoren.nl\/de\/taverne\/#breadcrumb","itemListElement":[{"@type":"ListItem","position":1,"name":"Home","item":"https:\/\/oudebrandtoren.nl\/de\/willkommen\/"},{"@type":"ListItem","position":2,"name":"Taverne"}]},{"@type":"WebSite","@id":"https:\/\/oudebrandtoren.nl\/de\/#website","url":"https:\/\/oudebrandtoren.nl\/de\/","name":"De Oude Brandtoren","description":"Natuurlijk Genieten","publisher":{"@id":"https:\/\/oudebrandtoren.nl\/de\/#organization"},"potentialAction":[{"@type":"SearchAction","target":{"@type":"EntryPoint","urlTemplate":"https:\/\/oudebrandtoren.nl\/de\/?s={search_term_string}"},"query-input":{"@type":"PropertyValueSpecification","valueRequired":true,"valueName":"search_term_string"}}],"inLanguage":"de"},{"@type":"Organization","@id":"https:\/\/oudebrandtoren.nl\/de\/#organization","name":"De Oude Brandtoren","url":"https:\/\/oudebrandtoren.nl\/de\/","logo":{"@type":"ImageObject","inLanguage":"de","@id":"https:\/\/oudebrandtoren.nl\/de\/#\/schema\/logo\/image\/","url":"https:\/\/oudebrandtoren.nl\/wp-content\/uploads\/2025\/04\/Oude-Brandtoren-Logo-3-350x4003-1.png","contentUrl":"https:\/\/oudebrandtoren.nl\/wp-content\/uploads\/2025\/04\/Oude-Brandtoren-Logo-3-350x4003-1.png","width":350,"height":400,"caption":"De Oude Brandtoren"},"image":{"@id":"https:\/\/oudebrandtoren.nl\/de\/#\/schema\/logo\/image\/"},"sameAs":["https:\/\/www.facebook.com\/profile.php?id=61573394348854","https:\/\/www.instagram.com\/oudebrandtoren\/"]}]}},"_links":{"self":[{"href":"https:\/\/oudebrandtoren.nl\/de\/wp-json\/wp\/v2\/pages\/371","targetHints":{"allow":["GET"]}}],"collection":[{"href":"https:\/\/oudebrandtoren.nl\/de\/wp-json\/wp\/v2\/pages"}],"about":[{"href":"https:\/\/oudebrandtoren.nl\/de\/wp-json\/wp\/v2\/types\/page"}],"author":[{"embeddable":true,"href":"https:\/\/oudebrandtoren.nl\/de\/wp-json\/wp\/v2\/users\/1"}],"replies":[{"embeddable":true,"href":"https:\/\/oudebrandtoren.nl\/de\/wp-json\/wp\/v2\/comments?post=371"}],"version-history":[{"count":11,"href":"https:\/\/oudebrandtoren.nl\/de\/wp-json\/wp\/v2\/pages\/371\/revisions"}],"predecessor-version":[{"id":751,"href":"https:\/\/oudebrandtoren.nl\/de\/wp-json\/wp\/v2\/pages\/371\/revisions\/751"}],"wp:featuredmedia":[{"embeddable":true,"href":"https:\/\/oudebrandtoren.nl\/de\/wp-json\/wp\/v2\/media\/681"}],"wp:attachment":[{"href":"https:\/\/oudebrandtoren.nl\/de\/wp-json\/wp\/v2\/media?parent=371"}],"curies":[{"name":"wp","href":"https:\/\/api.w.org\/{rel}","templated":true}]}}