{"id":1221,"date":"2026-02-10T14:23:24","date_gmt":"2026-02-10T13:23:24","guid":{"rendered":"https:\/\/oudebrandtoren.nl\/informationen\/"},"modified":"2026-02-23T14:52:06","modified_gmt":"2026-02-23T13:52:06","slug":"informationen","status":"publish","type":"page","link":"https:\/\/oudebrandtoren.nl\/de\/informationen\/","title":{"rendered":"Informationen"},"content":{"rendered":"[vc_row type=&#8220;full_width_content&#8220; full_screen_row_position=&#8220;middle&#8220; column_margin=&#8220;default&#8220; column_direction=&#8220;default&#8220; column_direction_tablet=&#8220;default&#8220; column_direction_phone=&#8220;default&#8220; scene_position=&#8220;center&#8220; top_padding=&#8220;250&#8243; left_padding_desktop=&#8220;16%&#8220; constrain_group_2=&#8220;yes&#8220; right_padding_desktop=&#8220;16%&#8220; text_color=&#8220;dark&#8220; text_align=&#8220;left&#8220; row_border_radius=&#8220;none&#8220; row_border_radius_applies=&#8220;bg&#8220; row_position_desktop=&#8220;default&#8220; row_position_tablet=&#8220;inherit&#8220; row_position_phone=&#8220;inherit&#8220; overflow=&#8220;visible&#8220; overlay_strength=&#8220;0.3&#8243; gradient_direction=&#8220;left_to_right&#8220; shape_divider_position=&#8220;bottom&#8220; bg_image_animation=&#8220;none&#8220; gradient_type=&#8220;default&#8220; shape_type=&#8220;&#8220;][vc_column column_padding=&#8220;no-extra-padding&#8220; column_padding_tablet=&#8220;inherit&#8220; column_padding_phone=&#8220;inherit&#8220; column_padding_position=&#8220;all&#8220; flex_gap_desktop=&#8220;10px&#8220; column_element_direction_desktop=&#8220;default&#8220; column_element_spacing=&#8220;default&#8220; desktop_text_alignment=&#8220;default&#8220; tablet_text_alignment=&#8220;default&#8220; phone_text_alignment=&#8220;default&#8220; background_color_opacity=&#8220;1&#8243; background_hover_color_opacity=&#8220;1&#8243; column_backdrop_filter=&#8220;none&#8220; column_shadow=&#8220;none&#8220; column_border_radius=&#8220;none&#8220; column_link_target=&#8220;_self&#8220; column_position=&#8220;default&#8220; gradient_direction=&#8220;left_to_right&#8220; overlay_strength=&#8220;0.3&#8243; width=&#8220;1\/1&#8243; tablet_width_inherit=&#8220;default&#8220; animation_type=&#8220;default&#8220; bg_image_animation=&#8220;none&#8220; border_type=&#8220;simple&#8220; column_border_width=&#8220;none&#8220; column_border_style=&#8220;solid&#8220;][vc_custom_heading text=&#8220;Informationen&#8220; font_container=&#8220;tag:h1|font_size:80|text_align:center&#8220; use_theme_fonts=&#8220;yes&#8220; css=&#8220;&#8220;][\/vc_column][\/vc_row][vc_row type=&#8220;full_width_content&#8220; full_screen_row_position=&#8220;middle&#8220; column_margin=&#8220;default&#8220; column_direction=&#8220;default&#8220; column_direction_tablet=&#8220;default&#8220; column_direction_phone=&#8220;default&#8220; scene_position=&#8220;center&#8220; top_padding=&#8220;100&#8243; left_padding_desktop=&#8220;16%&#8220; constrain_group_2=&#8220;yes&#8220; right_padding_desktop=&#8220;16%&#8220; text_color=&#8220;dark&#8220; text_align=&#8220;left&#8220; row_border_radius=&#8220;none&#8220; row_border_radius_applies=&#8220;bg&#8220; row_position_desktop=&#8220;default&#8220; row_position_tablet=&#8220;inherit&#8220; row_position_phone=&#8220;inherit&#8220; overflow=&#8220;visible&#8220; overlay_strength=&#8220;0.3&#8243; gradient_direction=&#8220;left_to_right&#8220; shape_divider_position=&#8220;bottom&#8220; bg_image_animation=&#8220;none&#8220; gradient_type=&#8220;default&#8220; shape_type=&#8220;&#8220;][vc_column column_padding=&#8220;padding-5-percent&#8220; column_padding_tablet=&#8220;inherit&#8220; column_padding_phone=&#8220;inherit&#8220; column_padding_position=&#8220;right&#8220; column_element_direction_desktop=&#8220;default&#8220; column_element_spacing=&#8220;default&#8220; desktop_text_alignment=&#8220;default&#8220; tablet_text_alignment=&#8220;default&#8220; phone_text_alignment=&#8220;default&#8220; background_color_opacity=&#8220;1&#8243; background_hover_color_opacity=&#8220;1&#8243; column_backdrop_filter=&#8220;none&#8220; column_shadow=&#8220;none&#8220; column_border_radius=&#8220;none&#8220; column_link_target=&#8220;_self&#8220; column_position=&#8220;default&#8220; gradient_direction=&#8220;left_to_right&#8220; overlay_strength=&#8220;0.3&#8243; width=&#8220;1\/3&#8243; tablet_width_inherit=&#8220;default&#8220; animation_type=&#8220;default&#8220; bg_image_animation=&#8220;none&#8220; border_type=&#8220;simple&#8220; column_border_width=&#8220;none&#8220; column_border_style=&#8220;solid&#8220; column_padding_type=&#8220;default&#8220; content_layout=&#8220;default&#8220; gradient_type=&#8220;default&#8220;][vc_column_text css=&#8220;&#8220; text_direction=&#8220;default&#8220;]\n<h4>LESEBRILLE<\/h4>\n<p>Lesebrille vergessen? Kein Problem! Unser Team hilft Ihnen gerne weiter. Wir haben eine Auswahl an Brillen in verschiedenen St\u00e4rken.   <\/p>\n<p>&nbsp;<\/p>\n<h4>GESCHENKGUTSCHEINE<\/h4>\n<p>Unsere Gutscheine sind mit jedem gew\u00fcnschten Betrag erh\u00e4ltlich und eignen sich perfekt zum Verschenken (auch an Sie selbst!). Fragen Sie bei unserem Team nach. <\/p>\n<p>&nbsp;<\/p>\n<h4>HUNDE<\/h4>\n<p>Ihr treuer Vierbeiner ist auf unserer Terrasse willkommen. Ruhige Hunde, die andere G\u00e4ste nicht st\u00f6ren, d\u00fcrfen auch ins Lokal. Im Au\u00dfenbereich gibt es eine Versorgungsstation f\u00fcr Hunde mit Wasser und Hundekeksen.   <\/p>\n<p>&nbsp;<\/p>\n<h4>Reservierungen<\/h4>\n<p>Auf unserer Website k\u00f6nnen Sie f\u00fcr bis zu 16 Personen reservieren. F\u00fcr gr\u00f6\u00dfere Gruppen reservieren Sie bitte per E-Mail an info@oudebrandtoren.nl oder telefonisch unter +31 (0) 497 620311. Sie m\u00f6chten lieber drau\u00dfen sitzen? Unsere gem\u00fctliche Terrasse ist bei trockenem Wetter ohne Reservierung ge\u00f6ffnet. Leider k\u00f6nnen wir auf der Terrasse keine Pl\u00e4tze reservieren.[\/vc_column_text][\/vc_column][vc_column column_padding=&#8220;padding-5-percent&#8220; column_padding_tablet=&#8220;inherit&#8220; column_padding_phone=&#8220;inherit&#8220; column_padding_position=&#8220;right&#8220; column_element_direction_desktop=&#8220;default&#8220; column_element_spacing=&#8220;default&#8220; desktop_text_alignment=&#8220;default&#8220; tablet_text_alignment=&#8220;default&#8220; phone_text_alignment=&#8220;default&#8220; background_color_opacity=&#8220;1&#8243; background_hover_color_opacity=&#8220;1&#8243; column_backdrop_filter=&#8220;none&#8220; column_shadow=&#8220;none&#8220; column_border_radius=&#8220;none&#8220; column_link_target=&#8220;_self&#8220; column_position=&#8220;default&#8220; gradient_direction=&#8220;left_to_right&#8220; overlay_strength=&#8220;0.3&#8243; width=&#8220;1\/3&#8243; tablet_width_inherit=&#8220;default&#8220; animation_type=&#8220;default&#8220; bg_image_animation=&#8220;none&#8220; border_type=&#8220;simple&#8220; column_border_width=&#8220;none&#8220; column_border_style=&#8220;solid&#8220; column_padding_type=&#8220;default&#8220; content_layout=&#8220;default&#8220; gradient_type=&#8220;default&#8220;][vc_column_text css=&#8220;&#8220; text_direction=&#8220;default&#8220;]\n<h4>VERZEHRPFLICHT<\/h4>\n<p>Der Verzehr mitgebrachter Speisen und Getr\u00e4nke ist nicht gestattet.<\/p>\n<p>&nbsp;<\/p>\n<h4>SPIELPLATZ UND SPIELWALD<\/h4>\n<p>Betreten und Nutzung des Spielplatzes und Spielwaldes erfolgen auf eigene Gefahr. Eltern bzw. Begleitpersonen haften f\u00fcr ihre Kinder. <\/p>\n<p>&nbsp;<\/p>\n<h4>Taverne<\/h4>\n<p>Unsere gem\u00fctliche Taverne ist t\u00e4glich ge\u00f6ffnet. Gastgeberin Renske empf\u00e4ngt Sie stets mit einem L\u00e4cheln und serviert Mittag- oder Abendessen, ein Getr\u00e4nk mit s\u00fc\u00dfem Geb\u00e4ck oder Snack. An k\u00fchlen oder verregneten Tagen sorgt der Ofen f\u00fcr Wohlf\u00fchlatmosph\u00e4re.   <\/p>\n<p>&nbsp;<\/p>\n<h4>\u2018T Velootje<\/h4>\n<p>Das Interieur dieses Radcaf\u00e9s ist gepr\u00e4gt von Rennr\u00e4dern, Trikots und anderem Radzubeh\u00f6r. Mit Blick<br \/>auf Bar und K\u00fcche genie\u00dft man einen k\u00f6stlichen Zwischenstopp in ungezwungener Atmosph\u00e4re.[\/vc_column_text][\/vc_column][vc_column column_padding=&#8220;padding-5-percent&#8220; column_padding_tablet=&#8220;inherit&#8220; column_padding_phone=&#8220;inherit&#8220; column_padding_position=&#8220;right&#8220; column_element_direction_desktop=&#8220;default&#8220; column_element_spacing=&#8220;default&#8220; desktop_text_alignment=&#8220;default&#8220; tablet_text_alignment=&#8220;default&#8220; phone_text_alignment=&#8220;default&#8220; background_color_opacity=&#8220;1&#8243; background_hover_color_opacity=&#8220;1&#8243; column_backdrop_filter=&#8220;none&#8220; column_shadow=&#8220;none&#8220; column_border_radius=&#8220;none&#8220; column_link_target=&#8220;_self&#8220; column_position=&#8220;default&#8220; gradient_direction=&#8220;left_to_right&#8220; overlay_strength=&#8220;0.3&#8243; width=&#8220;1\/3&#8243; tablet_width_inherit=&#8220;default&#8220; animation_type=&#8220;default&#8220; bg_image_animation=&#8220;none&#8220; border_type=&#8220;simple&#8220; column_border_width=&#8220;none&#8220; column_border_style=&#8220;solid&#8220; column_padding_type=&#8220;default&#8220; content_layout=&#8220;default&#8220; gradient_type=&#8220;default&#8220;][vc_column_text css=&#8220;&#8220; text_direction=&#8220;default&#8220;]\n<h4>Waldterrasse<\/h4>\n<p>Vorne findest du unsere gro\u00dfe Terrasse mit 250 St\u00fchlen und Picknickb\u00e4nken. Bei trockenem Wetter bist du von fr\u00fch morgens bis sp\u00e4t abends willkommen. Genie\u00dfe die Sonne, die Ruhe und unsere k\u00f6stliche Speisekarte.  <\/p>\n<p>&nbsp;<\/p>\n<h4>de Shelter<\/h4>\n<p>Hinter dem Grundst\u00fcck befindet sich eine \u00fcberdachte Terrasse mit Vordach. Ideal f\u00fcr Gruppen, Arrangements oder eine intime Waldhochzeit! Gerne planen wir gemeinsam mit Ihnen einen wirklich unvergesslichen Tag.[\/vc_column_text][\/vc_column][\/vc_row]\n","protected":false},"excerpt":{"rendered":"<p>[vc_row type=&#8220;full_width_content&#8220; full_screen_row_position=&#8220;middle&#8220; column_margin=&#8220;default&#8220; column_direction=&#8220;default&#8220; column_direction_tablet=&#8220;default&#8220; column_direction_phone=&#8220;default&#8220; scene_position=&#8220;center&#8220; top_padding=&#8220;250&#8243; left_padding_desktop=&#8220;16%&#8220; constrain_group_2=&#8220;yes&#8220; right_padding_desktop=&#8220;16%&#8220; text_color=&#8220;dark&#8220; text_align=&#8220;left&#8220; row_border_radius=&#8220;none&#8220; row_border_radius_applies=&#8220;bg&#8220; row_position_desktop=&#8220;default&#8220; row_position_tablet=&#8220;inherit&#8220; row_position_phone=&#8220;inherit&#8220; overflow=&#8220;visible&#8220; overlay_strength=&#8220;0.3&#8243; gradient_direction=&#8220;left_to_right&#8220; shape_divider_position=&#8220;bottom&#8220; bg_image_animation=&#8220;none&#8220; gradient_type=&#8220;default&#8220; shape_type=&#8220;&#8220;][vc_column column_padding=&#8220;no-extra-padding&#8220; column_padding_tablet=&#8220;inherit&#8220; column_padding_phone=&#8220;inherit&#8220; column_padding_position=&#8220;all&#8220;&#8230;<\/p>\n","protected":false},"author":1,"featured_media":0,"parent":0,"menu_order":0,"comment_status":"closed","ping_status":"closed","template":"","meta":{"footnotes":""},"class_list":["post-1221","page","type-page","status-publish"],"yoast_head":"<!-- This site is optimized with the Yoast SEO plugin v27.3 - https:\/\/yoast.com\/product\/yoast-seo-wordpress\/ -->\n<title>Informationen - De Oude Brandtoren<\/title>\n<meta name=\"description\" content=\"Alle praktischen Informationen \u00fcber De Oude Brandtoren in Reusel. Informieren Sie sich \u00fcber unsere \u00d6ffnungszeiten, Kontaktdaten und planen Sie Ihren Besuch.\" \/>\n<meta name=\"robots\" content=\"index, follow, max-snippet:-1, max-image-preview:large, max-video-preview:-1\" \/>\n<link rel=\"canonical\" href=\"https:\/\/oudebrandtoren.nl\/de\/informationen\/\" \/>\n<meta property=\"og:locale\" content=\"de_DE\" \/>\n<meta property=\"og:type\" content=\"article\" \/>\n<meta property=\"og:title\" content=\"Informationen - De Oude Brandtoren\" \/>\n<meta property=\"og:description\" content=\"Alle praktischen Informationen \u00fcber De Oude Brandtoren in Reusel. Informieren Sie sich \u00fcber unsere \u00d6ffnungszeiten, Kontaktdaten und planen Sie Ihren Besuch.\" \/>\n<meta property=\"og:url\" content=\"https:\/\/oudebrandtoren.nl\/de\/informationen\/\" \/>\n<meta property=\"og:site_name\" content=\"De Oude Brandtoren\" \/>\n<meta property=\"article:publisher\" content=\"https:\/\/www.facebook.com\/profile.php?id=61573394348854\" \/>\n<meta property=\"article:modified_time\" content=\"2026-02-23T13:52:06+00:00\" \/>\n<meta name=\"twitter:card\" content=\"summary_large_image\" \/>\n<meta name=\"twitter:label1\" content=\"Gesch\u00e4tzte Lesezeit\" \/>\n\t<meta name=\"twitter:data1\" content=\"5\u00a0Minuten\" \/>\n<script type=\"application\/ld+json\" class=\"yoast-schema-graph\">{\"@context\":\"https:\\\/\\\/schema.org\",\"@graph\":[{\"@type\":\"WebPage\",\"@id\":\"https:\\\/\\\/oudebrandtoren.nl\\\/de\\\/informationen\\\/\",\"url\":\"https:\\\/\\\/oudebrandtoren.nl\\\/de\\\/informationen\\\/\",\"name\":\"Informationen - De Oude Brandtoren\",\"isPartOf\":{\"@id\":\"https:\\\/\\\/oudebrandtoren.nl\\\/de\\\/#website\"},\"datePublished\":\"2026-02-10T13:23:24+00:00\",\"dateModified\":\"2026-02-23T13:52:06+00:00\",\"description\":\"Alle praktischen Informationen \u00fcber De Oude Brandtoren in Reusel. Informieren Sie sich \u00fcber unsere \u00d6ffnungszeiten, Kontaktdaten und planen Sie Ihren Besuch.\",\"breadcrumb\":{\"@id\":\"https:\\\/\\\/oudebrandtoren.nl\\\/de\\\/informationen\\\/#breadcrumb\"},\"inLanguage\":\"de\",\"potentialAction\":[{\"@type\":\"ReadAction\",\"target\":[\"https:\\\/\\\/oudebrandtoren.nl\\\/de\\\/informationen\\\/\"]}]},{\"@type\":\"BreadcrumbList\",\"@id\":\"https:\\\/\\\/oudebrandtoren.nl\\\/de\\\/informationen\\\/#breadcrumb\",\"itemListElement\":[{\"@type\":\"ListItem\",\"position\":1,\"name\":\"Home\",\"item\":\"https:\\\/\\\/oudebrandtoren.nl\\\/de\\\/willkommen\\\/\"},{\"@type\":\"ListItem\",\"position\":2,\"name\":\"Informationen\"}]},{\"@type\":\"WebSite\",\"@id\":\"https:\\\/\\\/oudebrandtoren.nl\\\/de\\\/#website\",\"url\":\"https:\\\/\\\/oudebrandtoren.nl\\\/de\\\/\",\"name\":\"De Oude Brandtoren\",\"description\":\"Natuurlijk Genieten\",\"publisher\":{\"@id\":\"https:\\\/\\\/oudebrandtoren.nl\\\/de\\\/#organization\"},\"potentialAction\":[{\"@type\":\"SearchAction\",\"target\":{\"@type\":\"EntryPoint\",\"urlTemplate\":\"https:\\\/\\\/oudebrandtoren.nl\\\/de\\\/?s={search_term_string}\"},\"query-input\":{\"@type\":\"PropertyValueSpecification\",\"valueRequired\":true,\"valueName\":\"search_term_string\"}}],\"inLanguage\":\"de\"},{\"@type\":\"Organization\",\"@id\":\"https:\\\/\\\/oudebrandtoren.nl\\\/de\\\/#organization\",\"name\":\"De Oude Brandtoren\",\"url\":\"https:\\\/\\\/oudebrandtoren.nl\\\/de\\\/\",\"logo\":{\"@type\":\"ImageObject\",\"inLanguage\":\"de\",\"@id\":\"https:\\\/\\\/oudebrandtoren.nl\\\/de\\\/#\\\/schema\\\/logo\\\/image\\\/\",\"url\":\"https:\\\/\\\/oudebrandtoren.nl\\\/wp-content\\\/uploads\\\/2025\\\/04\\\/Oude-Brandtoren-Logo-3-350x4003-1.png\",\"contentUrl\":\"https:\\\/\\\/oudebrandtoren.nl\\\/wp-content\\\/uploads\\\/2025\\\/04\\\/Oude-Brandtoren-Logo-3-350x4003-1.png\",\"width\":350,\"height\":400,\"caption\":\"De Oude Brandtoren\"},\"image\":{\"@id\":\"https:\\\/\\\/oudebrandtoren.nl\\\/de\\\/#\\\/schema\\\/logo\\\/image\\\/\"},\"sameAs\":[\"https:\\\/\\\/www.facebook.com\\\/profile.php?id=61573394348854\",\"https:\\\/\\\/www.instagram.com\\\/oudebrandtoren\\\/\"]}]}<\/script>\n<!-- \/ Yoast SEO plugin. -->","yoast_head_json":{"title":"Informationen - De Oude Brandtoren","description":"Alle praktischen Informationen \u00fcber De Oude Brandtoren in Reusel. Informieren Sie sich \u00fcber unsere \u00d6ffnungszeiten, Kontaktdaten und planen Sie Ihren Besuch.","robots":{"index":"index","follow":"follow","max-snippet":"max-snippet:-1","max-image-preview":"max-image-preview:large","max-video-preview":"max-video-preview:-1"},"canonical":"https:\/\/oudebrandtoren.nl\/de\/informationen\/","og_locale":"de_DE","og_type":"article","og_title":"Informationen - De Oude Brandtoren","og_description":"Alle praktischen Informationen \u00fcber De Oude Brandtoren in Reusel. Informieren Sie sich \u00fcber unsere \u00d6ffnungszeiten, Kontaktdaten und planen Sie Ihren Besuch.","og_url":"https:\/\/oudebrandtoren.nl\/de\/informationen\/","og_site_name":"De Oude Brandtoren","article_publisher":"https:\/\/www.facebook.com\/profile.php?id=61573394348854","article_modified_time":"2026-02-23T13:52:06+00:00","twitter_card":"summary_large_image","twitter_misc":{"Gesch\u00e4tzte Lesezeit":"5\u00a0Minuten"},"schema":{"@context":"https:\/\/schema.org","@graph":[{"@type":"WebPage","@id":"https:\/\/oudebrandtoren.nl\/de\/informationen\/","url":"https:\/\/oudebrandtoren.nl\/de\/informationen\/","name":"Informationen - De Oude Brandtoren","isPartOf":{"@id":"https:\/\/oudebrandtoren.nl\/de\/#website"},"datePublished":"2026-02-10T13:23:24+00:00","dateModified":"2026-02-23T13:52:06+00:00","description":"Alle praktischen Informationen \u00fcber De Oude Brandtoren in Reusel. Informieren Sie sich \u00fcber unsere \u00d6ffnungszeiten, Kontaktdaten und planen Sie Ihren Besuch.","breadcrumb":{"@id":"https:\/\/oudebrandtoren.nl\/de\/informationen\/#breadcrumb"},"inLanguage":"de","potentialAction":[{"@type":"ReadAction","target":["https:\/\/oudebrandtoren.nl\/de\/informationen\/"]}]},{"@type":"BreadcrumbList","@id":"https:\/\/oudebrandtoren.nl\/de\/informationen\/#breadcrumb","itemListElement":[{"@type":"ListItem","position":1,"name":"Home","item":"https:\/\/oudebrandtoren.nl\/de\/willkommen\/"},{"@type":"ListItem","position":2,"name":"Informationen"}]},{"@type":"WebSite","@id":"https:\/\/oudebrandtoren.nl\/de\/#website","url":"https:\/\/oudebrandtoren.nl\/de\/","name":"De Oude Brandtoren","description":"Natuurlijk Genieten","publisher":{"@id":"https:\/\/oudebrandtoren.nl\/de\/#organization"},"potentialAction":[{"@type":"SearchAction","target":{"@type":"EntryPoint","urlTemplate":"https:\/\/oudebrandtoren.nl\/de\/?s={search_term_string}"},"query-input":{"@type":"PropertyValueSpecification","valueRequired":true,"valueName":"search_term_string"}}],"inLanguage":"de"},{"@type":"Organization","@id":"https:\/\/oudebrandtoren.nl\/de\/#organization","name":"De Oude Brandtoren","url":"https:\/\/oudebrandtoren.nl\/de\/","logo":{"@type":"ImageObject","inLanguage":"de","@id":"https:\/\/oudebrandtoren.nl\/de\/#\/schema\/logo\/image\/","url":"https:\/\/oudebrandtoren.nl\/wp-content\/uploads\/2025\/04\/Oude-Brandtoren-Logo-3-350x4003-1.png","contentUrl":"https:\/\/oudebrandtoren.nl\/wp-content\/uploads\/2025\/04\/Oude-Brandtoren-Logo-3-350x4003-1.png","width":350,"height":400,"caption":"De Oude Brandtoren"},"image":{"@id":"https:\/\/oudebrandtoren.nl\/de\/#\/schema\/logo\/image\/"},"sameAs":["https:\/\/www.facebook.com\/profile.php?id=61573394348854","https:\/\/www.instagram.com\/oudebrandtoren\/"]}]}},"_links":{"self":[{"href":"https:\/\/oudebrandtoren.nl\/de\/wp-json\/wp\/v2\/pages\/1221","targetHints":{"allow":["GET"]}}],"collection":[{"href":"https:\/\/oudebrandtoren.nl\/de\/wp-json\/wp\/v2\/pages"}],"about":[{"href":"https:\/\/oudebrandtoren.nl\/de\/wp-json\/wp\/v2\/types\/page"}],"author":[{"embeddable":true,"href":"https:\/\/oudebrandtoren.nl\/de\/wp-json\/wp\/v2\/users\/1"}],"replies":[{"embeddable":true,"href":"https:\/\/oudebrandtoren.nl\/de\/wp-json\/wp\/v2\/comments?post=1221"}],"version-history":[{"count":6,"href":"https:\/\/oudebrandtoren.nl\/de\/wp-json\/wp\/v2\/pages\/1221\/revisions"}],"predecessor-version":[{"id":1244,"href":"https:\/\/oudebrandtoren.nl\/de\/wp-json\/wp\/v2\/pages\/1221\/revisions\/1244"}],"wp:attachment":[{"href":"https:\/\/oudebrandtoren.nl\/de\/wp-json\/wp\/v2\/media?parent=1221"}],"curies":[{"name":"wp","href":"https:\/\/api.w.org\/{rel}","templated":true}]}}